{"id":5613,"date":"2019-09-25T11:35:50","date_gmt":"2019-09-25T11:35:50","guid":{"rendered":"https:\/\/www.ysgolsul.com\/?page_id=5613"},"modified":"2024-09-18T15:27:05","modified_gmt":"2024-09-18T15:27:05","slug":"son-am-iesu","status":"publish","type":"page","link":"https:\/\/ysgolsul.com\/?page_id=5613","title":{"rendered":"S\u00f4n am Iesu"},"content":{"rendered":"<p><strong>S\u00f4n am Iesu<\/strong><br \/>\nCwrs newydd i\u2019n helpu i rannu ein f<a href=\"https:\/\/www.ysgolsul.com\/wp-content\/uploads\/2019\/10\/GetResizedImage.jpg\" data-rel=\"lightbox-image-0\" data-rl_title=\"\" data-rl_caption=\"\" title=\"\"><img loading=\"lazy\" decoding=\"async\" src=\"https:\/\/www.ysgolsul.com\/wp-content\/uploads\/2019\/10\/GetResizedImage-300x300.jpg\" alt=\"\" width=\"300\" height=\"300\" class=\"alignright size-medium wp-image-5765\" srcset=\"https:\/\/ysgolsul.com\/wp-content\/uploads\/2019\/10\/GetResizedImage-300x300.jpg 300w, https:\/\/ysgolsul.com\/wp-content\/uploads\/2019\/10\/GetResizedImage-150x150.jpg 150w, https:\/\/ysgolsul.com\/wp-content\/uploads\/2019\/10\/GetResizedImage.jpg 768w, https:\/\/ysgolsul.com\/wp-content\/uploads\/2019\/10\/GetResizedImage-624x624.jpg 624w\" sizes=\"auto, (max-width: 300px) 100vw, 300px\" \/><\/a>fydd yn hyderus a naturiol gydag eraill.<\/p>\n<p>Beth am i ni S\u00f4n am Iesu gydag eraill<\/p>\n<p>Sgyrsiau gyda Christnogion yw un o&#8217;r dylanwadau pwysicaf wrth ddod \u00e2 phobl i ffydd. Bydd y cwrs hwn yn eich ysbrydoli i rannu eich ffydd a bydd yn rhoi awgrymiadau ymarferol i chi i&#8217;ch helpu chi i fod yn naturiol ac yn berthnasol wrth i chi siarad am Iesu gyda&#8217;r bobl rydych chi&#8217;n cwrdd \u00e2 nhw.<\/p>\n<p>Mae yna chwe sesiwn hwyliog yn rhan o\u2019r cwrs hwn, gan gynnwys ffilmiau byr, tystiolaethau ysbrydoledig, enghreifftiau go iawn gan bobl sy&#8217;n siarad am Iesu, a llyfr cwrs byr, hawdd ei ddilyn. Mae\u2019r adnodd ar gael ar gyfrwng DVD neu USB ar gyfer eich grwpiau cartref &#8211; mae\u2019r llyfr yn Gymraeg, a\u2019r ffilmiau i gyd wedi eu is-deitlo yn Gymraeg (ond Saesneg yw iaith lafar wreiddiol y ffilmiau).<\/p>\n<p><strong>Beth alla i ei wneud i rannu fy ffydd?<\/strong><br \/>\nGallwch chi ddangos y ffilm fer sy\u2019n gyflwyniad i\u2019r cwrs i&#8217;ch eglwys ar ddydd Sul, neu trwy&#8217;ch sianeli cyfryngau cymdeithasol eich eglwys, i annog pawb yn eich eglwys i fynd ar y daith arbennig o dystio i Iesu. Yna defnyddiwch y cwrs ffilmiau mewn grwpiau bach yn ystod yr wythnos, gan wylio&#8217;r fideo, ei drafod, ei gymhwyso i&#8217;ch sefyllfa, a gwedd\u00efo gyda&#8217;n gilydd yn gofyn i Dduw eich helpu chi i wneud Iesu&#8217;n hysbys. Y nod yw arfogi Cristnogion i wneud y mwyaf o bob cyfle i helpu ffrindiau, cydweithwyr ac aelodau o&#8217;r teulu i ystyried Iesu drostynt eu hunain ac i ddod yn ddilynwyr iddo. Mae llawer o bobl yn ei chael hi&#8217;n anodd i siarad am Iesu a rhannu eu ffydd. Bydd y cwrs hwn yn eich ysbrydoli i rannu&#8217;ch ffydd.<\/p>\n<p><strong>Meddai rhai sydd wedi dilyn y cwrs:<\/strong><br \/>\n\u2018Mae\u2019r ymateb i\u2019r cwrs wedi bod yn fwy nag y gallwn fod wedi gobeithio amdano. Soniodd un dyn yn ei 50au iddo gael sawl sgwrs gyda phobl mae wedi cyfarfod \u00e2 nhw wrth gerdded ei gi. Soniodd dyn h\u0177n arall am sut mae wedi achub ar y cyfle i siarad am ei ffydd a\u2019i obaith yn Iesu pan ofynnwyd iddo am ei driniaeth ar gyfer canser. Mae pawb ar y cwrs wedi siarad am sut maen nhw&#8217;n gwedd\u00efo am y pum enw y gwnaethon nhw eu hysgrifennu i lawr ar wythnos un, ac mae llawer bellach wedi cael cyfleoedd i siarad \u00e2 rhai ohonyn nhw am Iesu. &#8216;<br \/>\n\u2018Erbyn hyn, rwy\u2019n teimlo fy mod wedi cael pecyn cymorth i\u2019w ddefnyddio mewn pob math o gyd-destunau, ac rwyf wedi cael sgyrsiau gwych o ganlyniad. Rwy\u2019n gwybod nawr mai siarad am Iesu yw fy swydd i &#8211; bydd y gweddill i fyny i Dduw! \u2019<\/p>\n<p>Bydd y chwe sesiwn S\u00f4n am Iesu yn eich ysbrydoli i rannu eich ffydd yn hyderus ac yn naturiol. Y nod yw eich paratoi chi i wneud y mwyaf o bob cyfle i helpu ffrindiau, cydweithwyr ac aelodau o&#8217;r teulu i ystyried Iesu drostynt eu hunain ac i ddod yn ddilynwyr iddo.<\/p>\n<p>Mae&#8217;r pecyn yn cynnwys chwe fideo hyfforddi, ynghyd \u00e2 ffilmiau ar ffurf dameg a llyfryn cwrs 44 tudalen sy&#8217;n cyd-fynd ag ef. Gellir prynu cop\u00efau ychwanegol o&#8217;r llyfryn ar wah\u00e2n ar gyfer aelodau&#8217;r gr\u0175p.<\/p>\n<p><strong>Cliciwch isod am fwy o wybodaeth ac i lawrlwytho&#8217;r adnoddau sydd ag opsiwn is-deitlau Cymraeg:<\/strong><\/p>\n<p><a href=\"https:\/\/talkingjesus.org\/course\">talkingjesus.org\/course<\/a><\/p>\n<p><strong>Dyma ffilm fer yn rhoi rhagflas o&#8217;r cwrs:<\/strong><\/p>\n<p><iframe loading=\"lazy\" title=\"vimeo-player\" src=\"https:\/\/player.vimeo.com\/video\/275225776\" width=\"640\" height=\"360\" frameborder=\"0\" allowfullscreen><\/iframe><\/p>\n","protected":false},"excerpt":{"rendered":"<p>S\u00f4n am Iesu Cwrs newydd i\u2019n helpu i rannu ein ffydd yn hyderus a naturiol gydag eraill. Beth am i ni S\u00f4n am Iesu gydag eraill Sgyrsiau gyda Christnogion yw un o&#8217;r dylanwadau pwysicaf wrth ddod \u00e2 phobl i ffydd. Bydd y cwrs hwn yn eich ysbrydoli i rannu eich ffydd a bydd yn rhoi [&hellip;]<\/p>\n","protected":false},"author":1,"featured_media":0,"parent":0,"menu_order":0,"comment_status":"closed","ping_status":"closed","template":"","meta":{"footnotes":""},"class_list":["post-5613","page","type-page","status-publish","hentry"],"yoast_head":"<!-- This site is optimized with the Yoast SEO plugin v26.5 - https:\/\/yoast.com\/wordpress\/plugins\/seo\/ -->\n<title>S\u00f4n am Iesu - Cyngor Ysgolion Sul ac Addysg Gristnogol Cymru<\/title>\n<meta name=\"robots\" content=\"index, follow, max-snippet:-1, max-image-preview:large, max-video-preview:-1\" \/>\n<link rel=\"canonical\" href=\"https:\/\/ysgolsul.com\/?page_id=5613\" \/>\n<meta property=\"og:locale\" content=\"en_US\" \/>\n<meta property=\"og:type\" content=\"article\" \/>\n<meta property=\"og:title\" content=\"S\u00f4n am Iesu - Cyngor Ysgolion Sul ac Addysg Gristnogol Cymru\" \/>\n<meta property=\"og:description\" content=\"S\u00f4n am Iesu Cwrs newydd i\u2019n helpu i rannu ein ffydd yn hyderus a naturiol gydag eraill. Beth am i ni S\u00f4n am Iesu gydag eraill Sgyrsiau gyda Christnogion yw un o&#8217;r dylanwadau pwysicaf wrth ddod \u00e2 phobl i ffydd. Bydd y cwrs hwn yn eich ysbrydoli i rannu eich ffydd a bydd yn rhoi [&hellip;]\" \/>\n<meta property=\"og:url\" content=\"https:\/\/ysgolsul.com\/?page_id=5613\" \/>\n<meta property=\"og:site_name\" content=\"Cyngor Ysgolion Sul ac Addysg Gristnogol Cymru\" \/>\n<meta property=\"article:publisher\" content=\"https:\/\/www.facebook.com\/ysgolsul\" \/>\n<meta property=\"article:modified_time\" content=\"2024-09-18T15:27:05+00:00\" \/>\n<meta property=\"og:image\" content=\"https:\/\/www.ysgolsul.com\/wp-content\/uploads\/2019\/10\/GetResizedImage-300x300.jpg\" \/>\n<meta name=\"twitter:card\" content=\"summary_large_image\" \/>\n<meta name=\"twitter:site\" content=\"@ysgolsul\" \/>\n<meta name=\"twitter:label1\" content=\"Est. reading time\" \/>\n\t<meta name=\"twitter:data1\" content=\"3 minutes\" \/>\n<script type=\"application\/ld+json\" class=\"yoast-schema-graph\">{\"@context\":\"https:\/\/schema.org\",\"@graph\":[{\"@type\":\"WebPage\",\"@id\":\"https:\/\/ysgolsul.com\/?page_id=5613\",\"url\":\"https:\/\/ysgolsul.com\/?page_id=5613\",\"name\":\"S\u00f4n am Iesu - Cyngor Ysgolion Sul ac Addysg Gristnogol Cymru\",\"isPartOf\":{\"@id\":\"https:\/\/ysgolsul.com\/#website\"},\"primaryImageOfPage\":{\"@id\":\"https:\/\/ysgolsul.com\/?page_id=5613#primaryimage\"},\"image\":{\"@id\":\"https:\/\/ysgolsul.com\/?page_id=5613#primaryimage\"},\"thumbnailUrl\":\"https:\/\/www.ysgolsul.com\/wp-content\/uploads\/2019\/10\/GetResizedImage-300x300.jpg\",\"datePublished\":\"2019-09-25T11:35:50+00:00\",\"dateModified\":\"2024-09-18T15:27:05+00:00\",\"breadcrumb\":{\"@id\":\"https:\/\/ysgolsul.com\/?page_id=5613#breadcrumb\"},\"inLanguage\":\"en-US\",\"potentialAction\":[{\"@type\":\"ReadAction\",\"target\":[\"https:\/\/ysgolsul.com\/?page_id=5613\"]}]},{\"@type\":\"ImageObject\",\"inLanguage\":\"en-US\",\"@id\":\"https:\/\/ysgolsul.com\/?page_id=5613#primaryimage\",\"url\":\"https:\/\/www.ysgolsul.com\/wp-content\/uploads\/2019\/10\/GetResizedImage-300x300.jpg\",\"contentUrl\":\"https:\/\/www.ysgolsul.com\/wp-content\/uploads\/2019\/10\/GetResizedImage-300x300.jpg\"},{\"@type\":\"BreadcrumbList\",\"@id\":\"https:\/\/ysgolsul.com\/?page_id=5613#breadcrumb\",\"itemListElement\":[{\"@type\":\"ListItem\",\"position\":1,\"name\":\"Home\",\"item\":\"https:\/\/ysgolsul.com\/\"},{\"@type\":\"ListItem\",\"position\":2,\"name\":\"S\u00f4n am Iesu\"}]},{\"@type\":\"WebSite\",\"@id\":\"https:\/\/ysgolsul.com\/#website\",\"url\":\"https:\/\/ysgolsul.com\/\",\"name\":\"Cyngor Ysgolion Sul ac Addysg Gristnogol Cymru\",\"description\":\"Cyhoeddiadau&#039;r Gair - Cyhoeddwyr Cristnogol Cymraeg\",\"publisher\":{\"@id\":\"https:\/\/ysgolsul.com\/#organization\"},\"potentialAction\":[{\"@type\":\"SearchAction\",\"target\":{\"@type\":\"EntryPoint\",\"urlTemplate\":\"https:\/\/ysgolsul.com\/?s={search_term_string}\"},\"query-input\":{\"@type\":\"PropertyValueSpecification\",\"valueRequired\":true,\"valueName\":\"search_term_string\"}}],\"inLanguage\":\"en-US\"},{\"@type\":\"Organization\",\"@id\":\"https:\/\/ysgolsul.com\/#organization\",\"name\":\"Cyngor Ysgolion Sul\",\"url\":\"https:\/\/ysgolsul.com\/\",\"logo\":{\"@type\":\"ImageObject\",\"inLanguage\":\"en-US\",\"@id\":\"https:\/\/ysgolsul.com\/#\/schema\/logo\/image\/\",\"url\":\"https:\/\/www.ysgolsul.com\/wp-content\/uploads\/2020\/03\/logo-CYS-sgwar.jpg\",\"contentUrl\":\"https:\/\/www.ysgolsul.com\/wp-content\/uploads\/2020\/03\/logo-CYS-sgwar.jpg\",\"width\":1080,\"height\":1080,\"caption\":\"Cyngor Ysgolion Sul\"},\"image\":{\"@id\":\"https:\/\/ysgolsul.com\/#\/schema\/logo\/image\/\"},\"sameAs\":[\"https:\/\/www.facebook.com\/ysgolsul\",\"https:\/\/x.com\/ysgolsul\",\"https:\/\/www.youtube.com\/user\/ysgolsul\"]}]}<\/script>\n<!-- \/ Yoast SEO plugin. -->","yoast_head_json":{"title":"S\u00f4n am Iesu - Cyngor Ysgolion Sul ac Addysg Gristnogol Cymru","robots":{"index":"index","follow":"follow","max-snippet":"max-snippet:-1","max-image-preview":"max-image-preview:large","max-video-preview":"max-video-preview:-1"},"canonical":"https:\/\/ysgolsul.com\/?page_id=5613","og_locale":"en_US","og_type":"article","og_title":"S\u00f4n am Iesu - Cyngor Ysgolion Sul ac Addysg Gristnogol Cymru","og_description":"S\u00f4n am Iesu Cwrs newydd i\u2019n helpu i rannu ein ffydd yn hyderus a naturiol gydag eraill. Beth am i ni S\u00f4n am Iesu gydag eraill Sgyrsiau gyda Christnogion yw un o&#8217;r dylanwadau pwysicaf wrth ddod \u00e2 phobl i ffydd. Bydd y cwrs hwn yn eich ysbrydoli i rannu eich ffydd a bydd yn rhoi [&hellip;]","og_url":"https:\/\/ysgolsul.com\/?page_id=5613","og_site_name":"Cyngor Ysgolion Sul ac Addysg Gristnogol Cymru","article_publisher":"https:\/\/www.facebook.com\/ysgolsul","article_modified_time":"2024-09-18T15:27:05+00:00","og_image":[{"url":"https:\/\/www.ysgolsul.com\/wp-content\/uploads\/2019\/10\/GetResizedImage-300x300.jpg","type":"","width":"","height":""}],"twitter_card":"summary_large_image","twitter_site":"@ysgolsul","twitter_misc":{"Est. reading time":"3 minutes"},"schema":{"@context":"https:\/\/schema.org","@graph":[{"@type":"WebPage","@id":"https:\/\/ysgolsul.com\/?page_id=5613","url":"https:\/\/ysgolsul.com\/?page_id=5613","name":"S\u00f4n am Iesu - Cyngor Ysgolion Sul ac Addysg Gristnogol Cymru","isPartOf":{"@id":"https:\/\/ysgolsul.com\/#website"},"primaryImageOfPage":{"@id":"https:\/\/ysgolsul.com\/?page_id=5613#primaryimage"},"image":{"@id":"https:\/\/ysgolsul.com\/?page_id=5613#primaryimage"},"thumbnailUrl":"https:\/\/www.ysgolsul.com\/wp-content\/uploads\/2019\/10\/GetResizedImage-300x300.jpg","datePublished":"2019-09-25T11:35:50+00:00","dateModified":"2024-09-18T15:27:05+00:00","breadcrumb":{"@id":"https:\/\/ysgolsul.com\/?page_id=5613#breadcrumb"},"inLanguage":"en-US","potentialAction":[{"@type":"ReadAction","target":["https:\/\/ysgolsul.com\/?page_id=5613"]}]},{"@type":"ImageObject","inLanguage":"en-US","@id":"https:\/\/ysgolsul.com\/?page_id=5613#primaryimage","url":"https:\/\/www.ysgolsul.com\/wp-content\/uploads\/2019\/10\/GetResizedImage-300x300.jpg","contentUrl":"https:\/\/www.ysgolsul.com\/wp-content\/uploads\/2019\/10\/GetResizedImage-300x300.jpg"},{"@type":"BreadcrumbList","@id":"https:\/\/ysgolsul.com\/?page_id=5613#breadcrumb","itemListElement":[{"@type":"ListItem","position":1,"name":"Home","item":"https:\/\/ysgolsul.com\/"},{"@type":"ListItem","position":2,"name":"S\u00f4n am Iesu"}]},{"@type":"WebSite","@id":"https:\/\/ysgolsul.com\/#website","url":"https:\/\/ysgolsul.com\/","name":"Cyngor Ysgolion Sul ac Addysg Gristnogol Cymru","description":"Cyhoeddiadau&#039;r Gair - Cyhoeddwyr Cristnogol Cymraeg","publisher":{"@id":"https:\/\/ysgolsul.com\/#organization"},"potentialAction":[{"@type":"SearchAction","target":{"@type":"EntryPoint","urlTemplate":"https:\/\/ysgolsul.com\/?s={search_term_string}"},"query-input":{"@type":"PropertyValueSpecification","valueRequired":true,"valueName":"search_term_string"}}],"inLanguage":"en-US"},{"@type":"Organization","@id":"https:\/\/ysgolsul.com\/#organization","name":"Cyngor Ysgolion Sul","url":"https:\/\/ysgolsul.com\/","logo":{"@type":"ImageObject","inLanguage":"en-US","@id":"https:\/\/ysgolsul.com\/#\/schema\/logo\/image\/","url":"https:\/\/www.ysgolsul.com\/wp-content\/uploads\/2020\/03\/logo-CYS-sgwar.jpg","contentUrl":"https:\/\/www.ysgolsul.com\/wp-content\/uploads\/2020\/03\/logo-CYS-sgwar.jpg","width":1080,"height":1080,"caption":"Cyngor Ysgolion Sul"},"image":{"@id":"https:\/\/ysgolsul.com\/#\/schema\/logo\/image\/"},"sameAs":["https:\/\/www.facebook.com\/ysgolsul","https:\/\/x.com\/ysgolsul","https:\/\/www.youtube.com\/user\/ysgolsul"]}]}},"_links":{"self":[{"href":"https:\/\/ysgolsul.com\/index.php?rest_route=\/wp\/v2\/pages\/5613","targetHints":{"allow":["GET"]}}],"collection":[{"href":"https:\/\/ysgolsul.com\/index.php?rest_route=\/wp\/v2\/pages"}],"about":[{"href":"https:\/\/ysgolsul.com\/index.php?rest_route=\/wp\/v2\/types\/page"}],"author":[{"embeddable":true,"href":"https:\/\/ysgolsul.com\/index.php?rest_route=\/wp\/v2\/users\/1"}],"replies":[{"embeddable":true,"href":"https:\/\/ysgolsul.com\/index.php?rest_route=%2Fwp%2Fv2%2Fcomments&post=5613"}],"version-history":[{"count":6,"href":"https:\/\/ysgolsul.com\/index.php?rest_route=\/wp\/v2\/pages\/5613\/revisions"}],"predecessor-version":[{"id":9876,"href":"https:\/\/ysgolsul.com\/index.php?rest_route=\/wp\/v2\/pages\/5613\/revisions\/9876"}],"wp:attachment":[{"href":"https:\/\/ysgolsul.com\/index.php?rest_route=%2Fwp%2Fv2%2Fmedia&parent=5613"}],"curies":[{"name":"wp","href":"https:\/\/api.w.org\/{rel}","templated":true}]}}