{"id":535,"date":"2012-05-09T10:23:08","date_gmt":"2012-05-09T10:23:08","guid":{"rendered":"http:\/\/www.ysgolsul.com\/?page_id=535"},"modified":"2018-10-03T15:52:32","modified_gmt":"2018-10-03T15:52:32","slug":"gemau-2012","status":"publish","type":"page","link":"https:\/\/ysgolsul.com\/?page_id=535","title":{"rendered":"Diwrnod g\u00eamau yn yr ysgol"},"content":{"rendered":"<p><a href=\"http:\/\/www.ysgolsul.com\/wp-content\/uploads\/2012\/05\/gorauglas.jpg\" data-rel=\"lightbox-image-0\" data-rl_title=\"\" data-rl_caption=\"\"><img loading=\"lazy\" decoding=\"async\" class=\"alignright  wp-image-536\" title=\"\" src=\"http:\/\/www.ysgolsul.com\/wp-content\/uploads\/2012\/05\/gorauglas.jpg\" alt=\"\" width=\"295\" height=\"419\" srcset=\"https:\/\/ysgolsul.com\/wp-content\/uploads\/2012\/05\/gorauglas.jpg 422w, https:\/\/ysgolsul.com\/wp-content\/uploads\/2012\/05\/gorauglas-211x300.jpg 211w\" sizes=\"auto, (max-width: 295px) 100vw, 295px\" \/><\/a>Ar gyfer achlysuron chwaraeon arbennig mae gan Cyngor Ysgolion Sul tri adnodd ar gyfer ysgolion sul ac eglwysi. Cynhyrchwyd llyfryn 16 tudalen i&#8217;w ddosbarthu i blant 7-11 oed sef <em>Gorau Glas<\/em>. Mae&#8217;r llyfryn yn s\u00f4n am bencampwyr Duw sef hanes naw o bencampwyr o&#8217;r Beibl a redodd eu ras dros Dduw. Cawn gyfle hefyd i ddod i adnabod athletwyr go-iawn sy&#8217;n dilyn Iesu a cheir nifer o b\u00f4sau i&#8217;w datrys o fyd chwaraeon. Pris y llyfr yw 99c neu 10 am \u00a35. Mewn cydweithrediad \u00e2 Undeb yr Annibynwyr Cymraeg, Undeb Bedyddwyr Cymru ac Eglwys Bresbyteraidd Cymru rydym yn falch o ddweud bod pedair mil o gop\u00efau ar gael yn rhad ac am ddim trwy gysylltu gyda Cyngor Ysgolion Sul.<\/p>\n<p>Adnodd arall ar gyfer eglwysi yw gwasanaeth <em>Y Croeso Anferth<\/em>. Mewn cydweithrediad \u00e2 Roots for Churches mae&#8217;r gwasanaeth yma i&#8217;w lawrlwytho yn rhad ac am ddim ac yn canolbwyntio ar letygarwch a rhedeg y ras. <a href='http:\/\/www.ysgolsul.com\/wp-content\/uploads\/2012\/05\/ycroesomawr.pdf'>Lawrlwythwch YMA (PDF)<\/a><\/p>\n<p>Adnodd newydd ar gyfer ei ddefnyddio mewn ysgol gynradd yw <em>Diwrnod G\u00eamau<\/em>, sef pecyn o adnoddau mewn cydweithrediad \u00e2 Scripture Union sy&#8217;n cynnig diwrnod o weithgaredd ar gyfer cyflwyno stor\u00efau o fyd chwaraeon \u00e2 stori Sacheus. Ceir yn y pecyn y cyfan sydd ei angen i alluogi t\u00eem o eglwys leol i dreulio diwrnod cyfan yn yr ysgol gynradd yn cyflwyno&#8217;r adnodd hwn.\u00a0<a href=\"http:\/\/www.ysgolsul.com\/wp-content\/uploads\/2012\/05\/Y-Gemau.doc\">Lawrlwythwch YMA (Word)<\/a><\/p>\n<p>&nbsp;<\/p>\n","protected":false},"excerpt":{"rendered":"<p>Ar gyfer achlysuron chwaraeon arbennig mae gan Cyngor Ysgolion Sul tri adnodd ar gyfer ysgolion sul ac eglwysi. Cynhyrchwyd llyfryn 16 tudalen i&#8217;w ddosbarthu i blant 7-11 oed sef Gorau Glas. Mae&#8217;r llyfryn yn s\u00f4n am bencampwyr Duw sef hanes naw o bencampwyr o&#8217;r Beibl a redodd eu ras dros Dduw. Cawn gyfle hefyd i [&hellip;]<\/p>\n","protected":false},"author":1,"featured_media":0,"parent":0,"menu_order":0,"comment_status":"closed","ping_status":"open","template":"","meta":{"footnotes":""},"class_list":["post-535","page","type-page","status-publish","hentry"],"yoast_head":"<!-- This site is optimized with the Yoast SEO plugin v26.5 - https:\/\/yoast.com\/wordpress\/plugins\/seo\/ -->\n<title>Diwrnod g\u00eamau yn yr ysgol - Cyngor Ysgolion Sul ac Addysg Gristnogol Cymru<\/title>\n<meta name=\"robots\" content=\"index, follow, max-snippet:-1, max-image-preview:large, max-video-preview:-1\" \/>\n<link rel=\"canonical\" href=\"https:\/\/ysgolsul.com\/?page_id=535\" \/>\n<meta property=\"og:locale\" content=\"en_US\" \/>\n<meta property=\"og:type\" content=\"article\" \/>\n<meta property=\"og:title\" content=\"Diwrnod g\u00eamau yn yr ysgol - Cyngor Ysgolion Sul ac Addysg Gristnogol Cymru\" \/>\n<meta property=\"og:description\" content=\"Ar gyfer achlysuron chwaraeon arbennig mae gan Cyngor Ysgolion Sul tri adnodd ar gyfer ysgolion sul ac eglwysi. Cynhyrchwyd llyfryn 16 tudalen i&#8217;w ddosbarthu i blant 7-11 oed sef Gorau Glas. Mae&#8217;r llyfryn yn s\u00f4n am bencampwyr Duw sef hanes naw o bencampwyr o&#8217;r Beibl a redodd eu ras dros Dduw. Cawn gyfle hefyd i [&hellip;]\" \/>\n<meta property=\"og:url\" content=\"https:\/\/ysgolsul.com\/?page_id=535\" \/>\n<meta property=\"og:site_name\" content=\"Cyngor Ysgolion Sul ac Addysg Gristnogol Cymru\" \/>\n<meta property=\"article:publisher\" content=\"https:\/\/www.facebook.com\/ysgolsul\" \/>\n<meta property=\"article:modified_time\" content=\"2018-10-03T15:52:32+00:00\" \/>\n<meta property=\"og:image\" content=\"http:\/\/www.ysgolsul.com\/wp-content\/uploads\/2012\/05\/gorauglas.jpg\" \/>\n<meta name=\"twitter:card\" content=\"summary_large_image\" \/>\n<meta name=\"twitter:site\" content=\"@ysgolsul\" \/>\n<meta name=\"twitter:label1\" content=\"Est. reading time\" \/>\n\t<meta name=\"twitter:data1\" content=\"1 minute\" \/>\n<script type=\"application\/ld+json\" class=\"yoast-schema-graph\">{\"@context\":\"https:\/\/schema.org\",\"@graph\":[{\"@type\":\"WebPage\",\"@id\":\"https:\/\/ysgolsul.com\/?page_id=535\",\"url\":\"https:\/\/ysgolsul.com\/?page_id=535\",\"name\":\"Diwrnod g\u00eamau yn yr ysgol - Cyngor Ysgolion Sul ac Addysg Gristnogol Cymru\",\"isPartOf\":{\"@id\":\"https:\/\/ysgolsul.com\/#website\"},\"primaryImageOfPage\":{\"@id\":\"https:\/\/ysgolsul.com\/?page_id=535#primaryimage\"},\"image\":{\"@id\":\"https:\/\/ysgolsul.com\/?page_id=535#primaryimage\"},\"thumbnailUrl\":\"http:\/\/www.ysgolsul.com\/wp-content\/uploads\/2012\/05\/gorauglas.jpg\",\"datePublished\":\"2012-05-09T10:23:08+00:00\",\"dateModified\":\"2018-10-03T15:52:32+00:00\",\"breadcrumb\":{\"@id\":\"https:\/\/ysgolsul.com\/?page_id=535#breadcrumb\"},\"inLanguage\":\"en-US\",\"potentialAction\":[{\"@type\":\"ReadAction\",\"target\":[\"https:\/\/ysgolsul.com\/?page_id=535\"]}]},{\"@type\":\"ImageObject\",\"inLanguage\":\"en-US\",\"@id\":\"https:\/\/ysgolsul.com\/?page_id=535#primaryimage\",\"url\":\"http:\/\/www.ysgolsul.com\/wp-content\/uploads\/2012\/05\/gorauglas.jpg\",\"contentUrl\":\"http:\/\/www.ysgolsul.com\/wp-content\/uploads\/2012\/05\/gorauglas.jpg\"},{\"@type\":\"BreadcrumbList\",\"@id\":\"https:\/\/ysgolsul.com\/?page_id=535#breadcrumb\",\"itemListElement\":[{\"@type\":\"ListItem\",\"position\":1,\"name\":\"Home\",\"item\":\"https:\/\/ysgolsul.com\/\"},{\"@type\":\"ListItem\",\"position\":2,\"name\":\"Diwrnod g\u00eamau yn yr ysgol\"}]},{\"@type\":\"WebSite\",\"@id\":\"https:\/\/ysgolsul.com\/#website\",\"url\":\"https:\/\/ysgolsul.com\/\",\"name\":\"Cyngor Ysgolion Sul ac Addysg Gristnogol Cymru\",\"description\":\"Cyhoeddiadau&#039;r Gair - Cyhoeddwyr Cristnogol Cymraeg\",\"publisher\":{\"@id\":\"https:\/\/ysgolsul.com\/#organization\"},\"potentialAction\":[{\"@type\":\"SearchAction\",\"target\":{\"@type\":\"EntryPoint\",\"urlTemplate\":\"https:\/\/ysgolsul.com\/?s={search_term_string}\"},\"query-input\":{\"@type\":\"PropertyValueSpecification\",\"valueRequired\":true,\"valueName\":\"search_term_string\"}}],\"inLanguage\":\"en-US\"},{\"@type\":\"Organization\",\"@id\":\"https:\/\/ysgolsul.com\/#organization\",\"name\":\"Cyngor Ysgolion Sul\",\"url\":\"https:\/\/ysgolsul.com\/\",\"logo\":{\"@type\":\"ImageObject\",\"inLanguage\":\"en-US\",\"@id\":\"https:\/\/ysgolsul.com\/#\/schema\/logo\/image\/\",\"url\":\"https:\/\/www.ysgolsul.com\/wp-content\/uploads\/2020\/03\/logo-CYS-sgwar.jpg\",\"contentUrl\":\"https:\/\/www.ysgolsul.com\/wp-content\/uploads\/2020\/03\/logo-CYS-sgwar.jpg\",\"width\":1080,\"height\":1080,\"caption\":\"Cyngor Ysgolion Sul\"},\"image\":{\"@id\":\"https:\/\/ysgolsul.com\/#\/schema\/logo\/image\/\"},\"sameAs\":[\"https:\/\/www.facebook.com\/ysgolsul\",\"https:\/\/x.com\/ysgolsul\",\"https:\/\/www.youtube.com\/user\/ysgolsul\"]}]}<\/script>\n<!-- \/ Yoast SEO plugin. -->","yoast_head_json":{"title":"Diwrnod g\u00eamau yn yr ysgol - Cyngor Ysgolion Sul ac Addysg Gristnogol Cymru","robots":{"index":"index","follow":"follow","max-snippet":"max-snippet:-1","max-image-preview":"max-image-preview:large","max-video-preview":"max-video-preview:-1"},"canonical":"https:\/\/ysgolsul.com\/?page_id=535","og_locale":"en_US","og_type":"article","og_title":"Diwrnod g\u00eamau yn yr ysgol - Cyngor Ysgolion Sul ac Addysg Gristnogol Cymru","og_description":"Ar gyfer achlysuron chwaraeon arbennig mae gan Cyngor Ysgolion Sul tri adnodd ar gyfer ysgolion sul ac eglwysi. Cynhyrchwyd llyfryn 16 tudalen i&#8217;w ddosbarthu i blant 7-11 oed sef Gorau Glas. Mae&#8217;r llyfryn yn s\u00f4n am bencampwyr Duw sef hanes naw o bencampwyr o&#8217;r Beibl a redodd eu ras dros Dduw. Cawn gyfle hefyd i [&hellip;]","og_url":"https:\/\/ysgolsul.com\/?page_id=535","og_site_name":"Cyngor Ysgolion Sul ac Addysg Gristnogol Cymru","article_publisher":"https:\/\/www.facebook.com\/ysgolsul","article_modified_time":"2018-10-03T15:52:32+00:00","og_image":[{"url":"http:\/\/www.ysgolsul.com\/wp-content\/uploads\/2012\/05\/gorauglas.jpg","type":"","width":"","height":""}],"twitter_card":"summary_large_image","twitter_site":"@ysgolsul","twitter_misc":{"Est. reading time":"1 minute"},"schema":{"@context":"https:\/\/schema.org","@graph":[{"@type":"WebPage","@id":"https:\/\/ysgolsul.com\/?page_id=535","url":"https:\/\/ysgolsul.com\/?page_id=535","name":"Diwrnod g\u00eamau yn yr ysgol - Cyngor Ysgolion Sul ac Addysg Gristnogol Cymru","isPartOf":{"@id":"https:\/\/ysgolsul.com\/#website"},"primaryImageOfPage":{"@id":"https:\/\/ysgolsul.com\/?page_id=535#primaryimage"},"image":{"@id":"https:\/\/ysgolsul.com\/?page_id=535#primaryimage"},"thumbnailUrl":"http:\/\/www.ysgolsul.com\/wp-content\/uploads\/2012\/05\/gorauglas.jpg","datePublished":"2012-05-09T10:23:08+00:00","dateModified":"2018-10-03T15:52:32+00:00","breadcrumb":{"@id":"https:\/\/ysgolsul.com\/?page_id=535#breadcrumb"},"inLanguage":"en-US","potentialAction":[{"@type":"ReadAction","target":["https:\/\/ysgolsul.com\/?page_id=535"]}]},{"@type":"ImageObject","inLanguage":"en-US","@id":"https:\/\/ysgolsul.com\/?page_id=535#primaryimage","url":"http:\/\/www.ysgolsul.com\/wp-content\/uploads\/2012\/05\/gorauglas.jpg","contentUrl":"http:\/\/www.ysgolsul.com\/wp-content\/uploads\/2012\/05\/gorauglas.jpg"},{"@type":"BreadcrumbList","@id":"https:\/\/ysgolsul.com\/?page_id=535#breadcrumb","itemListElement":[{"@type":"ListItem","position":1,"name":"Home","item":"https:\/\/ysgolsul.com\/"},{"@type":"ListItem","position":2,"name":"Diwrnod g\u00eamau yn yr ysgol"}]},{"@type":"WebSite","@id":"https:\/\/ysgolsul.com\/#website","url":"https:\/\/ysgolsul.com\/","name":"Cyngor Ysgolion Sul ac Addysg Gristnogol Cymru","description":"Cyhoeddiadau&#039;r Gair - Cyhoeddwyr Cristnogol Cymraeg","publisher":{"@id":"https:\/\/ysgolsul.com\/#organization"},"potentialAction":[{"@type":"SearchAction","target":{"@type":"EntryPoint","urlTemplate":"https:\/\/ysgolsul.com\/?s={search_term_string}"},"query-input":{"@type":"PropertyValueSpecification","valueRequired":true,"valueName":"search_term_string"}}],"inLanguage":"en-US"},{"@type":"Organization","@id":"https:\/\/ysgolsul.com\/#organization","name":"Cyngor Ysgolion Sul","url":"https:\/\/ysgolsul.com\/","logo":{"@type":"ImageObject","inLanguage":"en-US","@id":"https:\/\/ysgolsul.com\/#\/schema\/logo\/image\/","url":"https:\/\/www.ysgolsul.com\/wp-content\/uploads\/2020\/03\/logo-CYS-sgwar.jpg","contentUrl":"https:\/\/www.ysgolsul.com\/wp-content\/uploads\/2020\/03\/logo-CYS-sgwar.jpg","width":1080,"height":1080,"caption":"Cyngor Ysgolion Sul"},"image":{"@id":"https:\/\/ysgolsul.com\/#\/schema\/logo\/image\/"},"sameAs":["https:\/\/www.facebook.com\/ysgolsul","https:\/\/x.com\/ysgolsul","https:\/\/www.youtube.com\/user\/ysgolsul"]}]}},"_links":{"self":[{"href":"https:\/\/ysgolsul.com\/index.php?rest_route=\/wp\/v2\/pages\/535","targetHints":{"allow":["GET"]}}],"collection":[{"href":"https:\/\/ysgolsul.com\/index.php?rest_route=\/wp\/v2\/pages"}],"about":[{"href":"https:\/\/ysgolsul.com\/index.php?rest_route=\/wp\/v2\/types\/page"}],"author":[{"embeddable":true,"href":"https:\/\/ysgolsul.com\/index.php?rest_route=\/wp\/v2\/users\/1"}],"replies":[{"embeddable":true,"href":"https:\/\/ysgolsul.com\/index.php?rest_route=%2Fwp%2Fv2%2Fcomments&post=535"}],"version-history":[{"count":5,"href":"https:\/\/ysgolsul.com\/index.php?rest_route=\/wp\/v2\/pages\/535\/revisions"}],"predecessor-version":[{"id":3780,"href":"https:\/\/ysgolsul.com\/index.php?rest_route=\/wp\/v2\/pages\/535\/revisions\/3780"}],"wp:attachment":[{"href":"https:\/\/ysgolsul.com\/index.php?rest_route=%2Fwp%2Fv2%2Fmedia&parent=535"}],"curies":[{"name":"wp","href":"https:\/\/api.w.org\/{rel}","templated":true}]}}