{"id":424,"date":"2012-03-21T15:02:26","date_gmt":"2012-03-21T15:02:26","guid":{"rendered":"http:\/\/www.ysgolsul.com\/?page_id=424"},"modified":"2024-09-18T14:54:44","modified_gmt":"2024-09-18T14:54:44","slug":"roots","status":"publish","type":"page","link":"https:\/\/ysgolsul.com\/?page_id=424","title":{"rendered":"Roots"},"content":{"rendered":"<p><a href=\"http:\/\/www.rootsontheweb.com\/\"><img loading=\"lazy\" decoding=\"async\" class=\"aligncenter size-full wp-image-481\" title=\"roots\" src=\"http:\/\/www.ysgolsul.com\/wp-content\/uploads\/2012\/03\/roots.jpg\" alt=\"\" width=\"576\" height=\"147\" srcset=\"https:\/\/ysgolsul.com\/wp-content\/uploads\/2012\/03\/roots.jpg 576w, https:\/\/ysgolsul.com\/wp-content\/uploads\/2012\/03\/roots-300x76.jpg 300w, https:\/\/ysgolsul.com\/wp-content\/uploads\/2012\/03\/roots-500x127.jpg 500w\" sizes=\"auto, (max-width: 576px) 100vw, 576px\" \/><\/a><\/p>\n<p>Yn ogystal \u00e2 chyhoeddi adnoddau Cymraeg mae Cyngor Ysgolion Sul yn rhan o gonsortiwm sy&#8217;n cyhoeddi deunydd dysgu ac addoli ar gyfer yr Eglwys gyfan sef deunydd Roots. Cyhoeddir dau gylchgrawn yn ddeufisol sef un ar gyfer athrawon Ysgol Sul ac un ar gyfer arweinwyr addoliad. Yn ogystal, mae <a href=\"http:\/\/www.rootsontheweb.com\/\">gwefan<\/a> sy&#8217;n cynnwys miloedd o wedd\u00efau a myfyrdodau yn cael ei ddiweddaru&#8217;n wythnosol. <a href=\"https:\/\/www.rootsontheweb.com\/subscription-packages\">Am fwy o wybodaeth neu i danysgrifio cliciwch yma.<\/a><\/p>\n<div style=\"display:block\">\n<!-- FlowPaper PDF flipbook plugin v.2.0.6 wordpress.org\/plugins\/flowpaper\/ -->\n<iframe title=\"FlowPaper flipbook pdf viewer\" width=\"100%\" height=\"500\" scrolling=\"no\" class=\"flowpaper-class\" frameborder=\"0\" allowFullScreen=\"true\" lightbox=\"false\" cover id src = \"https:\/\/flowpaper.com\/flipbook\/?pdf=https:\/\/www.ysgolsul.com\/wp-content\/uploads\/2019\/12\/Cyflwyniad-i-ROOTS.pdf&title=&header=&theme=&singlepage=&thumbs=1&modified=240918254\" seamless=\"seamless\" style=\"margin-bottom:0;display:block;\">Your browser does not seem to support iframes. <a href=\"https:\/\/flowpaper.com\/flipbook\/?pdf=https:\/\/www.ysgolsul.com\/wp-content\/uploads\/2019\/12\/Cyflwyniad-i-ROOTS.pdf\" target=\"_blank\">Click here to read this PDF<\/a>.<\/iframe>\n<div id=\"flowpaper-logo-bottom\" class=\"flowpaper-logo-bg\" style=\"background:linear-gradient(to right, rgba(0,0,0,0.65) 0%,rgba(0,0,0,0) 200px);width:100%;height:19px; padding-bottom: 1px; padding-left: 5px; padding-right: 10px; display: flex; align-items: center;z-index:9999\"><span style=\"height: 37px; padding-left: 6px;width:90%\"> <a id=\"flowpaper-link\" style=\"fill: #fff\" alt=\"FlowPaper logotype\" title=\"FlowPaper logotype\" href=\"https:\/\/flowpaper.com\" target=\"_blank\"> <img decoding=\"async\" alt=\"Publish PDF flipbooks online\" style=\"height:17px;width:auto;margin-top:11px;\" src=\"https:\/\/ysgolsul.com\/wp-content\/plugins\/flowpaper-lite-pdf-flipbook\/assets\/flowpaper-logo.png\" border=\"0\"> <\/a> <\/span><span style=\" float: right; right: 0; font-size: 10px; white-space: nowrap; opacity:0.8\"><a href=\"https:\/\/flowpaper.com\/flipbook-maker\/\" target=\"_new\" style=\"text-decoration:none;border-bottom:none;\">Created using FlowPaper Flipbook Maker &#8599;<\/a><\/span><\/div><\/div>\r\n                <script>\r\n                document.addEventListener(\"DOMContentLoaded\", function(){\r\n                    var target_element, iframe_element;\r\n                    iframe_element = document.querySelector(\"iframe.flowpaper-class\");\r\n                    target_element = document.querySelector(\"\");\r\n                    iframe_element.style.height = target_element.offsetHeight + \"px\";\r\n                });\r\n                <\/script>\r\n            \n<p><strong><em>ROOTS<\/em> yn Gymraeg<\/strong><br \/>\nMae gweddiau wythnosol a taflen waith i blant bellach ar gael yn Gymraeg, ac yno yn rhad ac am ddim i bawb sy&#8217;n tanysgrifio i&#8217;r cylchgrawn.<\/p>\n<p>Mae tanysgrifwyr i&#8217;r cylchgrawn ROOTS yn medru lawrlwytho deunydd wythnosol yn Gymraeg. Isod ceir sampl o un wythnos o wedd\u00efau a thaflen waith.<br \/>\n<a href=\"http:\/\/www.ysgolsul.com\/wp-content\/uploads\/2012\/03\/AAAprayersinWelsh_2July2017.pdf\">Am sampl o wedd\u00efau oedolion cliciwch YMA (PDF)<\/a><br \/>\n<a href=\"http:\/\/www.ysgolsul.com\/wp-content\/uploads\/2012\/03\/AAAprayersinWelsh_28May2017.pdf\">Am sampl o wedd\u00efau plant cliciwch YMA (PDF)<\/a><br \/>\n<a href=\"https:\/\/ysgolsul.com\/wp-content\/uploads\/2024\/09\/ROOTS-134-Activity-Sheets-WELSH_01.pdf\">Am sampl o daflen waith i blant cliciwch YMA (PDF)<\/a><br \/>\n<a href=\"https:\/\/ysgolsul.com\/wp-content\/uploads\/2024\/09\/ROOTS-Iss-134-Colouring-sheets-WELSH_01.pdf\">Am sampl o daflen liwio i blant cliciwch YMA (PDF)<\/a><\/p>\n<p><a href=\"http:\/\/www.ysgolsul.com\/wp-content\/uploads\/2012\/03\/58_covers_for_home.jpeg\" data-rel=\"lightbox-image-0\" data-rl_title=\"\" data-rl_caption=\"\"><img loading=\"lazy\" decoding=\"async\" class=\"alignright size-full wp-image-480\" title=\"\" src=\"http:\/\/www.ysgolsul.com\/wp-content\/uploads\/2012\/03\/58_covers_for_home.jpeg\" alt=\"\" width=\"250\" height=\"512\" srcset=\"https:\/\/ysgolsul.com\/wp-content\/uploads\/2012\/03\/58_covers_for_home.jpeg 250w, https:\/\/ysgolsul.com\/wp-content\/uploads\/2012\/03\/58_covers_for_home-146x300.jpg 146w\" sizes=\"auto, (max-width: 250px) 100vw, 250px\" \/><\/a><strong>What is ROOTS?<\/strong><\/p>\n<p>ROOTS publishes two lectionary-based, bi-monthly magazines: Adult &amp; All Age and Children &amp; Young People plus a supporting website. A current (2017) annual subscription to Roots costs \u00a349.50 for Adult &amp; All Age and \u00a349.50 for Children and Young People. A joint subscription to both magazines is also available for \u00a389.50. Subscribers also get access to the ROOTS website at no additional cost.<\/p>\n<p>ROOTS has published worship and learning materials since 2002 and offers an unique and comprehensive ecumenical resource package.<\/p>\n<p>Flexible resources for every week<br \/>\nROOTS provides materials for every Sunday of the year based on the Bible readings in the Revised Common Lectionary (RCL). Alternative materials are offered when the Church of England&#8217;s Common Worship Lectionary differs from the RCL.<\/p>\n<p>for different styles and patterns of worship<br \/>\nROOTS resources are written by experienced ordained and lay practitioners from across the denominations. The materials can be adapted easily to fit different types of worship, size of congregation or group and age range.<\/p>\n<p>for all ages across the church community<br \/>\nROOTS resources support worship and learning with adults, all ages together, with groups of children and young people.<\/p>\n<p>Unlimited access to website<br \/>\nYour subscription to the ROOTS magazines gives you access to all the relevant online material &#8211;<br \/>\nthere is a huge bank of resources in this website.<\/p>\n<p>ROOTS is a joint Churches initiative, and is supported by Churches Together in Britain and Ireland together with representatives from Churches and church publishers.<br \/>\nROOTS for Churches Ltd is a charitable company.<\/p>\n<p>ROOTS materials are written by experienced ordained and lay practitioners from all denominations and traditions, and are flexible and easily adapted to suit a wide range of patterns and styles of worship and learning.<\/p>\n<p>ROOTS is a partnership of denominations and other Christian Organisations:<br \/>\nThe Methodist Church<br \/>\nThe Archbishops&#8217; Council of the Church of England<br \/>\nThe United Reformed Church<br \/>\nChurches Together in Britain and Ireland<br \/>\nThe Council for Sunday Schools and Christian Education in Wales<br \/>\nChristian Education<\/p>\n<p>ROOTS for Churches Ltd<br \/>\nThe ROOTS magazines and website are published by ROOTS for Churches Ltd.<br \/>\nRegistered Office: 39 Eccleston Square, London SW1V 1PB.<br \/>\nTelephone: 0845 680 4095<br \/>\nRegistered Charity No 1097466; Company Registered in England, Limited by Guarantee No 4346069<\/p>\n<p><a href=\"https:\/\/www.ysgolsul.com\/wp-content\/uploads\/2019\/05\/coeden-roots.jpg\" data-rel=\"lightbox-image-1\" data-rl_title=\"\" data-rl_caption=\"\" title=\"\"><img loading=\"lazy\" decoding=\"async\" class=\"alignright size-medium wp-image-5292\" src=\"https:\/\/www.ysgolsul.com\/wp-content\/uploads\/2019\/05\/coeden-roots-272x300.jpg\" alt=\"\" width=\"272\" height=\"300\" srcset=\"https:\/\/ysgolsul.com\/wp-content\/uploads\/2019\/05\/coeden-roots-272x300.jpg 272w, https:\/\/ysgolsul.com\/wp-content\/uploads\/2019\/05\/coeden-roots-768x847.jpg 768w, https:\/\/ysgolsul.com\/wp-content\/uploads\/2019\/05\/coeden-roots-624x688.jpg 624w, https:\/\/ysgolsul.com\/wp-content\/uploads\/2019\/05\/coeden-roots.jpg 798w\" sizes=\"auto, (max-width: 272px) 100vw, 272px\" \/><\/a>Ar droad y mileniwm daeth criw o gyhoeddwyr at ei gilydd, gan gynnwys Cyngor Ysgolion Sul \/ Cyhoeddiadau&#8217;r Gair, a hynny i drafod adnoddau dysgu ac addoli ar gyfer plant, ieuenctid a phob oed. Ar y pryd roedd sawl adnodd un ai wedi diflannu neu mewn perygl o ddod i ben. Gofynnwyd i ddau ohonom, sef Judy Jarvis o&#8217;r Eglwys Fethodistaidd, a minnau (yn rhinwedd fy swydd fel Llywydd Rhwydwaith Plant CTBI ar y pryd) i fynd ati i baratoi cynllun, a allai yn y pendraw arwain at ddatblygu adnodd newydd. Wedi i ni wneud hynny, a chreu cyllideb a ddangosai bod angen dros \u00a3200,000 i sefydlu&#8217;r fenter a phenodi golygyddion, bu&#8217;n rhaid wedyn troi at yr enwadau i weld a oeddent am gefnogi&#8217;r fenter. Ymatebodd 5 enwad yn gadarnhaol, sef Eglwys Lloegr, Yr Eglwys Ddiwygiedig Unedig, Yr Eglwys Fethodistaidd, Christian Education (sef yr hen Gyngor Ysgolion Sul yn Lloegr), a ninnau fel Cyngor Ysgolion Sul.<\/p>\n<p>Roedd CTBI hefyd yn barod i weithredu fel aelodau cysylltiol. Llwyddwyd i sicrhau benthyciadau gan y 5 partner, a sefydlwyd elusen a chwmni newydd yn dwyn y teitl Roots for Churches. Aed ati i gyflogi 3 aelod rhan amser o staff, ac o fewn 18 mis roedd rhifyn 1 o ddau gylchgrawn wedi ei gyhoeddi a&#8217;i ddosbarthu. Roedd cryn amheuaeth ar y pryd a allai&#8217;r fenter newydd hon lwyddo, ac o ran y partneriaid, doedd na fawr o ddisgwyliad y byddai&#8217;r benthyciadau byth yn cael eu talu yn \u00f4l. Ond dros y 10 mlynedd ddilynol, datblygwyd yr adnodd i gynnwys gwefan gynhwysfawr, ac fe adeiladwyd ar y nifer o danysgrifwyr. Llwyddwyd i ad-dalu&#8217;r holl fenthyciadau yn \u00f4l i&#8217;r partneriaid yn llawn, ac erbyn hyn mae gan Roots 5 aelod o staff llawn amser a sawl gweithiwr rhan-amser. Bob deufis dosbarthir dros 12,000 o&#8217;r cylchgrawn ac mae&#8217;r banc adnoddau ar y wefan yn adeiladu o rifyn i rifyn. Chwe blynedd n\u00f4l cymerwyd cam arall wrth ofalu bod yr holl wedd\u00efau ar gyfer y Sul, ynghyd \u00e2 dwy daflen waith ar gyfer pob wythnos hefyd ar gael yn Gymraeg.<\/p>\n<p>Bellach aeth 18 mlynedd heibio ers sefydlu Roots, a braf oedd cael dathlu carreg filltir yn ddiweddar wrth gyhoeddi ein canfed rhifyn. Newyddion diweddar calonogol hefyd i ni yng Nghymru yw bod un o&#8217;r ddau olygydd ar y cylchgrawn yn Gymraes. Ym mis Mawrth penodwyd Clare Williams fel y golygydd plant ac ieuenctid. Cyn ei phenodi fe dreuliodd Clare rhai blynyddoedd yn gweithio fel Swyddog Plant i Esgobaeth Tyddewi. Dymunwn yn dda i Clare yn ei swydd newydd, ac i Roots ar gyrraedd y 100. Cofiwch am yr holl adnoddau Cymraeg sydd ar y wefan, a bod modd tanysgrifio trwy ymweld \u00e2 www.rootsontheweb.com<\/p>\n<p>Aled Davies,<br \/>\nCyfarwyddwr cwmni Roots for Churches<\/p>\n","protected":false},"excerpt":{"rendered":"<p>Yn ogystal \u00e2 chyhoeddi adnoddau Cymraeg mae Cyngor Ysgolion Sul yn rhan o gonsortiwm sy&#8217;n cyhoeddi deunydd dysgu ac addoli ar gyfer yr Eglwys gyfan sef deunydd Roots. Cyhoeddir dau gylchgrawn yn ddeufisol sef un ar gyfer athrawon Ysgol Sul ac un ar gyfer arweinwyr addoliad. Yn ogystal, mae gwefan sy&#8217;n cynnwys miloedd o wedd\u00efau [&hellip;]<\/p>\n","protected":false},"author":1,"featured_media":0,"parent":0,"menu_order":0,"comment_status":"closed","ping_status":"open","template":"","meta":{"footnotes":""},"class_list":["post-424","page","type-page","status-publish","hentry"],"yoast_head":"<!-- This site is optimized with the Yoast SEO plugin v26.5 - https:\/\/yoast.com\/wordpress\/plugins\/seo\/ -->\n<title>Roots - Cyngor Ysgolion Sul ac Addysg Gristnogol Cymru<\/title>\n<meta name=\"robots\" content=\"index, follow, max-snippet:-1, max-image-preview:large, max-video-preview:-1\" \/>\n<link rel=\"canonical\" href=\"https:\/\/ysgolsul.com\/?page_id=424\" \/>\n<meta property=\"og:locale\" content=\"en_US\" \/>\n<meta property=\"og:type\" content=\"article\" \/>\n<meta property=\"og:title\" content=\"Roots - Cyngor Ysgolion Sul ac Addysg Gristnogol Cymru\" \/>\n<meta property=\"og:description\" content=\"Yn ogystal \u00e2 chyhoeddi adnoddau Cymraeg mae Cyngor Ysgolion Sul yn rhan o gonsortiwm sy&#8217;n cyhoeddi deunydd dysgu ac addoli ar gyfer yr Eglwys gyfan sef deunydd Roots. Cyhoeddir dau gylchgrawn yn ddeufisol sef un ar gyfer athrawon Ysgol Sul ac un ar gyfer arweinwyr addoliad. Yn ogystal, mae gwefan sy&#8217;n cynnwys miloedd o wedd\u00efau [&hellip;]\" \/>\n<meta property=\"og:url\" content=\"https:\/\/ysgolsul.com\/?page_id=424\" \/>\n<meta property=\"og:site_name\" content=\"Cyngor Ysgolion Sul ac Addysg Gristnogol Cymru\" \/>\n<meta property=\"article:publisher\" content=\"https:\/\/www.facebook.com\/ysgolsul\" \/>\n<meta property=\"article:modified_time\" content=\"2024-09-18T14:54:44+00:00\" \/>\n<meta property=\"og:image\" content=\"http:\/\/www.ysgolsul.com\/wp-content\/uploads\/2012\/03\/roots.jpg\" \/>\n<meta name=\"twitter:card\" content=\"summary_large_image\" \/>\n<meta name=\"twitter:site\" content=\"@ysgolsul\" \/>\n<meta name=\"twitter:label1\" content=\"Est. reading time\" \/>\n\t<meta name=\"twitter:data1\" content=\"5 minutes\" \/>\n<script type=\"application\/ld+json\" class=\"yoast-schema-graph\">{\"@context\":\"https:\/\/schema.org\",\"@graph\":[{\"@type\":\"WebPage\",\"@id\":\"https:\/\/ysgolsul.com\/?page_id=424\",\"url\":\"https:\/\/ysgolsul.com\/?page_id=424\",\"name\":\"Roots - Cyngor Ysgolion Sul ac Addysg Gristnogol Cymru\",\"isPartOf\":{\"@id\":\"https:\/\/ysgolsul.com\/#website\"},\"primaryImageOfPage\":{\"@id\":\"https:\/\/ysgolsul.com\/?page_id=424#primaryimage\"},\"image\":{\"@id\":\"https:\/\/ysgolsul.com\/?page_id=424#primaryimage\"},\"thumbnailUrl\":\"http:\/\/www.ysgolsul.com\/wp-content\/uploads\/2012\/03\/roots.jpg\",\"datePublished\":\"2012-03-21T15:02:26+00:00\",\"dateModified\":\"2024-09-18T14:54:44+00:00\",\"breadcrumb\":{\"@id\":\"https:\/\/ysgolsul.com\/?page_id=424#breadcrumb\"},\"inLanguage\":\"en-US\",\"potentialAction\":[{\"@type\":\"ReadAction\",\"target\":[\"https:\/\/ysgolsul.com\/?page_id=424\"]}]},{\"@type\":\"ImageObject\",\"inLanguage\":\"en-US\",\"@id\":\"https:\/\/ysgolsul.com\/?page_id=424#primaryimage\",\"url\":\"http:\/\/www.ysgolsul.com\/wp-content\/uploads\/2012\/03\/roots.jpg\",\"contentUrl\":\"http:\/\/www.ysgolsul.com\/wp-content\/uploads\/2012\/03\/roots.jpg\"},{\"@type\":\"BreadcrumbList\",\"@id\":\"https:\/\/ysgolsul.com\/?page_id=424#breadcrumb\",\"itemListElement\":[{\"@type\":\"ListItem\",\"position\":1,\"name\":\"Home\",\"item\":\"https:\/\/ysgolsul.com\/\"},{\"@type\":\"ListItem\",\"position\":2,\"name\":\"Roots\"}]},{\"@type\":\"WebSite\",\"@id\":\"https:\/\/ysgolsul.com\/#website\",\"url\":\"https:\/\/ysgolsul.com\/\",\"name\":\"Cyngor Ysgolion Sul ac Addysg Gristnogol Cymru\",\"description\":\"Cyhoeddiadau&#039;r Gair - Cyhoeddwyr Cristnogol Cymraeg\",\"publisher\":{\"@id\":\"https:\/\/ysgolsul.com\/#organization\"},\"potentialAction\":[{\"@type\":\"SearchAction\",\"target\":{\"@type\":\"EntryPoint\",\"urlTemplate\":\"https:\/\/ysgolsul.com\/?s={search_term_string}\"},\"query-input\":{\"@type\":\"PropertyValueSpecification\",\"valueRequired\":true,\"valueName\":\"search_term_string\"}}],\"inLanguage\":\"en-US\"},{\"@type\":\"Organization\",\"@id\":\"https:\/\/ysgolsul.com\/#organization\",\"name\":\"Cyngor Ysgolion Sul\",\"url\":\"https:\/\/ysgolsul.com\/\",\"logo\":{\"@type\":\"ImageObject\",\"inLanguage\":\"en-US\",\"@id\":\"https:\/\/ysgolsul.com\/#\/schema\/logo\/image\/\",\"url\":\"https:\/\/www.ysgolsul.com\/wp-content\/uploads\/2020\/03\/logo-CYS-sgwar.jpg\",\"contentUrl\":\"https:\/\/www.ysgolsul.com\/wp-content\/uploads\/2020\/03\/logo-CYS-sgwar.jpg\",\"width\":1080,\"height\":1080,\"caption\":\"Cyngor Ysgolion Sul\"},\"image\":{\"@id\":\"https:\/\/ysgolsul.com\/#\/schema\/logo\/image\/\"},\"sameAs\":[\"https:\/\/www.facebook.com\/ysgolsul\",\"https:\/\/x.com\/ysgolsul\",\"https:\/\/www.youtube.com\/user\/ysgolsul\"]}]}<\/script>\n<!-- \/ Yoast SEO plugin. -->","yoast_head_json":{"title":"Roots - Cyngor Ysgolion Sul ac Addysg Gristnogol Cymru","robots":{"index":"index","follow":"follow","max-snippet":"max-snippet:-1","max-image-preview":"max-image-preview:large","max-video-preview":"max-video-preview:-1"},"canonical":"https:\/\/ysgolsul.com\/?page_id=424","og_locale":"en_US","og_type":"article","og_title":"Roots - Cyngor Ysgolion Sul ac Addysg Gristnogol Cymru","og_description":"Yn ogystal \u00e2 chyhoeddi adnoddau Cymraeg mae Cyngor Ysgolion Sul yn rhan o gonsortiwm sy&#8217;n cyhoeddi deunydd dysgu ac addoli ar gyfer yr Eglwys gyfan sef deunydd Roots. Cyhoeddir dau gylchgrawn yn ddeufisol sef un ar gyfer athrawon Ysgol Sul ac un ar gyfer arweinwyr addoliad. Yn ogystal, mae gwefan sy&#8217;n cynnwys miloedd o wedd\u00efau [&hellip;]","og_url":"https:\/\/ysgolsul.com\/?page_id=424","og_site_name":"Cyngor Ysgolion Sul ac Addysg Gristnogol Cymru","article_publisher":"https:\/\/www.facebook.com\/ysgolsul","article_modified_time":"2024-09-18T14:54:44+00:00","og_image":[{"url":"http:\/\/www.ysgolsul.com\/wp-content\/uploads\/2012\/03\/roots.jpg","type":"","width":"","height":""}],"twitter_card":"summary_large_image","twitter_site":"@ysgolsul","twitter_misc":{"Est. reading time":"5 minutes"},"schema":{"@context":"https:\/\/schema.org","@graph":[{"@type":"WebPage","@id":"https:\/\/ysgolsul.com\/?page_id=424","url":"https:\/\/ysgolsul.com\/?page_id=424","name":"Roots - Cyngor Ysgolion Sul ac Addysg Gristnogol Cymru","isPartOf":{"@id":"https:\/\/ysgolsul.com\/#website"},"primaryImageOfPage":{"@id":"https:\/\/ysgolsul.com\/?page_id=424#primaryimage"},"image":{"@id":"https:\/\/ysgolsul.com\/?page_id=424#primaryimage"},"thumbnailUrl":"http:\/\/www.ysgolsul.com\/wp-content\/uploads\/2012\/03\/roots.jpg","datePublished":"2012-03-21T15:02:26+00:00","dateModified":"2024-09-18T14:54:44+00:00","breadcrumb":{"@id":"https:\/\/ysgolsul.com\/?page_id=424#breadcrumb"},"inLanguage":"en-US","potentialAction":[{"@type":"ReadAction","target":["https:\/\/ysgolsul.com\/?page_id=424"]}]},{"@type":"ImageObject","inLanguage":"en-US","@id":"https:\/\/ysgolsul.com\/?page_id=424#primaryimage","url":"http:\/\/www.ysgolsul.com\/wp-content\/uploads\/2012\/03\/roots.jpg","contentUrl":"http:\/\/www.ysgolsul.com\/wp-content\/uploads\/2012\/03\/roots.jpg"},{"@type":"BreadcrumbList","@id":"https:\/\/ysgolsul.com\/?page_id=424#breadcrumb","itemListElement":[{"@type":"ListItem","position":1,"name":"Home","item":"https:\/\/ysgolsul.com\/"},{"@type":"ListItem","position":2,"name":"Roots"}]},{"@type":"WebSite","@id":"https:\/\/ysgolsul.com\/#website","url":"https:\/\/ysgolsul.com\/","name":"Cyngor Ysgolion Sul ac Addysg Gristnogol Cymru","description":"Cyhoeddiadau&#039;r Gair - Cyhoeddwyr Cristnogol Cymraeg","publisher":{"@id":"https:\/\/ysgolsul.com\/#organization"},"potentialAction":[{"@type":"SearchAction","target":{"@type":"EntryPoint","urlTemplate":"https:\/\/ysgolsul.com\/?s={search_term_string}"},"query-input":{"@type":"PropertyValueSpecification","valueRequired":true,"valueName":"search_term_string"}}],"inLanguage":"en-US"},{"@type":"Organization","@id":"https:\/\/ysgolsul.com\/#organization","name":"Cyngor Ysgolion Sul","url":"https:\/\/ysgolsul.com\/","logo":{"@type":"ImageObject","inLanguage":"en-US","@id":"https:\/\/ysgolsul.com\/#\/schema\/logo\/image\/","url":"https:\/\/www.ysgolsul.com\/wp-content\/uploads\/2020\/03\/logo-CYS-sgwar.jpg","contentUrl":"https:\/\/www.ysgolsul.com\/wp-content\/uploads\/2020\/03\/logo-CYS-sgwar.jpg","width":1080,"height":1080,"caption":"Cyngor Ysgolion Sul"},"image":{"@id":"https:\/\/ysgolsul.com\/#\/schema\/logo\/image\/"},"sameAs":["https:\/\/www.facebook.com\/ysgolsul","https:\/\/x.com\/ysgolsul","https:\/\/www.youtube.com\/user\/ysgolsul"]}]}},"_links":{"self":[{"href":"https:\/\/ysgolsul.com\/index.php?rest_route=\/wp\/v2\/pages\/424","targetHints":{"allow":["GET"]}}],"collection":[{"href":"https:\/\/ysgolsul.com\/index.php?rest_route=\/wp\/v2\/pages"}],"about":[{"href":"https:\/\/ysgolsul.com\/index.php?rest_route=\/wp\/v2\/types\/page"}],"author":[{"embeddable":true,"href":"https:\/\/ysgolsul.com\/index.php?rest_route=\/wp\/v2\/users\/1"}],"replies":[{"embeddable":true,"href":"https:\/\/ysgolsul.com\/index.php?rest_route=%2Fwp%2Fv2%2Fcomments&post=424"}],"version-history":[{"count":21,"href":"https:\/\/ysgolsul.com\/index.php?rest_route=\/wp\/v2\/pages\/424\/revisions"}],"predecessor-version":[{"id":9867,"href":"https:\/\/ysgolsul.com\/index.php?rest_route=\/wp\/v2\/pages\/424\/revisions\/9867"}],"wp:attachment":[{"href":"https:\/\/ysgolsul.com\/index.php?rest_route=%2Fwp%2Fv2%2Fmedia&parent=424"}],"curies":[{"name":"wp","href":"https:\/\/api.w.org\/{rel}","templated":true}]}}