{"id":239,"date":"2012-03-21T09:59:00","date_gmt":"2012-03-21T09:59:00","guid":{"rendered":"http:\/\/www.ysgolsul.com\/?page_id=239"},"modified":"2025-03-12T10:26:03","modified_gmt":"2025-03-12T10:26:03","slug":"cyfres-stori-duw-2012","status":"publish","type":"page","link":"https:\/\/ysgolsul.com\/?page_id=239","title":{"rendered":"Cyfres Stori Duw"},"content":{"rendered":"<p><iframe loading=\"lazy\" src=\"http:\/\/www.youtube.com\/embed\/4eAKotBW_DQ\" width=\"300\" height=\"182\" frameborder=\"0\" align=\"right\"><\/iframe><strong>Cyfres Stori Duw<\/strong><\/p>\n<p>Mae gan Cyngor Ysgolion Sul Cymru banel cydenwadol sy\u2019n cyfarfod yn rheolaidd i weithio ar ddeunydd gwerslyfrau ar gyfer Ysgolion Sul Cymru, gan ddwyn ynghyd arbenigwyr ym maes addysg Gristnogol. Dros y flwyddyn ddiwethaf mae\u2019r Panel hwn wedi bod wrthi yn cynllunio cyfres newydd sbon o werslyfrau, sef Cyfres Stori Duw, a fydd yn rhoi panorama i ni o daith fawr stori Duw. Bydd y flwyddyn gyntaf yn canolbwyntio ar yr Hen Destament, gan gyrraedd y Nadolig erbyn diwedd y flwyddyn. Yna bydd yr ail flwyddyn yn canolbwyntio ar fywyd a dysgeidiaeth Iesu a chyffro\u2019r Eglwys Fore.<\/p>\n<p>Rydym ni&#8217;n diolch i Geraint Tudur am gynhyrchu&#8217;r ffilm sy&#8217;n cyflwyno&#8217;r gyfres.<\/p>\n<p><strong>Cliciwch ar deitlau&#8217;r cyfrolau isod er mwyn mynd trwodd i wefan Gwales lle medrir eu harchebu ar-lein. Os am argraffu sampler 25 tudalen sy&#8217;n cynnwys un gwers o bob gwerslyfr cliciwch isod:<\/strong><\/p>\n<p><a href=\"https:\/\/www.ysgolsul.com\/wp-content\/uploads\/2018\/09\/Sampler-Stori-Duw.pdf\">Sampler Stori Duw (Lawrlwytho PDF)<\/a><\/p>\n<p>Mae nifer o werslyfrau a llyfrau atodol newydd yn rhan o\u2019r gyfres, gan gynnwys:<\/p>\n<p><strong><a href=\"http:\/\/www.ysgolsul.com\/wp-content\/uploads\/2011\/09\/gwerslyfrstoriduwiblantdan5.jpg\" data-rel=\"lightbox-image-0\" data-rl_title=\"\" data-rl_caption=\"\"><img loading=\"lazy\" decoding=\"async\" class=\"alignright size-medium wp-image-188\" title=\"\" src=\"http:\/\/www.ysgolsul.com\/wp-content\/uploads\/2011\/09\/gwerslyfrstoriduwiblantdan5-212x300.jpg\" alt=\"\" width=\"212\" height=\"300\" srcset=\"https:\/\/ysgolsul.com\/wp-content\/uploads\/2011\/09\/gwerslyfrstoriduwiblantdan5-212x300.jpg 212w, https:\/\/ysgolsul.com\/wp-content\/uploads\/2011\/09\/gwerslyfrstoriduwiblantdan5.jpg 453w\" sizes=\"auto, (max-width: 212px) 100vw, 212px\" \/><\/a>Ar gyfer dan 5:<\/strong><br \/>\n<em><strong><a href=\"http:\/\/www.gwales.com\/bibliographic\/?isbn=9781859947098&amp;tsid=4\">Gwerslyfr Stori Duw i blant dan 5<\/a><\/strong><\/em> \u2013 gwerslyfr sy\u2019n cynnwys 50 o wersi, yn cynnwys stori, amser chwarae, amser dysgu, rhigwm a gweddi, ynghyd \u00e2 llun a gweithgaredd.<br \/>\nI gyd-fynd \u00e2\u2019r gwerslyfr, mae yna lyfr crefft sy\u2019n cynnwys tua 200 o syniadau crefft yn nhrefn y Beibl, sef <em><strong><a href=\"http:\/\/www.gwales.com\/bibliographic\/?isbn=9781859947029&amp;tsid=7\">Llyfr Crefft Stori Duw i blant bach<\/a><\/strong><\/em>.<\/p>\n<p><strong>Ar gyfer dan 11:<\/strong><br \/>\n<strong><a href=\"http:\/\/www.gwales.com\/bibliographic\/?isbn=9781859947104&amp;tsid=8\">Gwerslyfr Stori Duw i blant 6-11 oed<\/a><\/strong> \u2013 gwerslyfr sy\u2019n cynnwys 50 o stor\u00cfau, yn cynnwys gwers gyflawn, ynghyd \u00e2 llun a gweithgaredd. I gyd-fynd \u00e2\u2019r gwerslyfr, mae yna lyfr crefft sy\u2019n cynnwys tua 200 o syniadau crefft yn nhrefn y Beibl, sef <strong><em><a href=\"http:\/\/www.gwales.com\/bibliographic\/?isbn=9781859947012&amp;tsid=8\">Llyfr Crefft Stori Duw i blant<\/a><\/em><\/strong>.<\/p>\n<p><strong>Ar gyfer dan 15:<\/strong><br \/>\n<em><strong><a href=\"http:\/\/www.gwales.com\/bibliographic\/?isbn=9781859947111&amp;tsid=63\">Gwerslyfr Stori Duw i Ieuenctid<\/a><\/strong><\/em> \u2013 gwerslyfr sy\u2019n cynnwys 50 o sesiynau \/ astudiaethau Beiblaidd ar gyfer pobl ifanc oed uwchradd.<\/p>\n<p>Yn ychwanegol mae yna opsiwn i brynu Beiblau gweithgaredd ar gyfer yr oed cynradd, sef <em><strong><a href=\"http:\/\/www.gwales.com\/bibliographic\/?isbn=9781859946084&amp;tsid=16\">Beibl Gweithgaredd y Plant Lleiaf<\/a> <\/strong><\/em>i blant dan 7 oed a <em><strong><a href=\"http:\/\/www.gwales.com\/bibliographic\/?isbn=9781859946091&amp;tsid=16\">Beibl Gweithgaredd y Plant<\/a> <\/strong><\/em>i blant dan 11 oed. Mae dau feibl lliw wedi cael eu paratoi hefyd ar gyfer cyflwyno\u2019r stori gyfan, sef <em><strong><a href=\"http:\/\/www.gwales.com\/bibliographic\/?isbn=9781859946947&amp;tsid=18\">Beibl Lliw Stori Duw<\/a><\/strong><\/em> a <em><strong><a href=\"http:\/\/www.gwales.com\/bibliographic\/?isbn=9781859947005&amp;tsid=20\">Beibl Bach Stori Duw<\/a><\/strong><\/em>. Mae\u2019r ddau Feibl arbennig yma yn cyflwyno\u2019r stori eto fel un stori fawr, gan blethu a phontio holl stor\u00efau\u2019r Beibl. Cyfrol arall sy\u2019n rhan o\u2019r cynllun yw <em><strong><a href=\"http:\/\/www.gwales.com\/bibliographic\/?isbn=9781859947081&amp;tsid=22\">Oedfaon Stori Duw<\/a><\/strong><\/em>, sef cyfrol o wasanaethau teuluol sy\u2019n seiliedig ar 20 cyfnod yn hanes y Beibl. Mae <em><strong><a href=\"http:\/\/www.gwales.com\/bibliographic\/?isbn=9781859947227&amp;tsid=38\">Stori Fawr Duw<\/a><\/strong><\/em> hefyd yn gyfeirlyfr defnyddiol sy\u2019n esbonio\u2019r stori a\u2019r daith, trwy gyfrwng mapiau a ffeithiau hanesyddol. Mae DVD ar gael hefyd, sef <em><strong><a href=\"http:\/\/www.gwales.com\/bibliographic\/?isbn=0064532021&amp;tsid=26\">DVD Stori Duw<\/a><\/strong><\/em>, sy\u2019n cynnwys 52 stori pum munud yn cael eu hadrodd gan Mici Plwm. Yn ogystal mae cyflwyniadau Powerpoint ar gael, fel ffordd arall i gyflwyno\u2019r storiau, yn cynnwys cyflwyniadau ar 64 o brif storiau\u2019r Beibl: sef <em><strong><a href=\"http:\/\/www.gwales.com\/bibliographic\/?isbn=0064532020&amp;tsid=28\">Cyfres Powerpoint: Beibl Bach i Blant<\/a><\/strong><\/em>. Ar gyfer ei arddangos fel adnodd gweledol ar wal yr Ysgol Sul mae yna linell amser sy\u2019n cynnwys 16 panel lliwgar yn cynrychioli cyfnodau gwahanol yn hanes y Beibl, sef <em><strong><a href=\"http:\/\/www.gwales.com\/bibliographic\/?isbn=9781844273638&amp;tsid=30\">Llinell Amser y Beibl<\/a><\/strong><\/em>.<\/p>\n<p>Mae\u2019r oedolion hefyd yn dilyn yr un trywydd am gyfnod o ddwy flynedd, ac eto mae 2 adnodd ar gael, sef addasiad Meirion Morris o lyfr John Stott <em><strong><a href=\"http:\/\/www.gwales.com\/bibliographic\/?isbn=9781859946695&amp;tsid=34\">Drwy\u2019r Beibl, Drwy\u2019r Flwyddyn<\/a><\/strong><\/em> a <em><strong><a href=\"http:\/\/www.gwales.com\/bibliographic\/?isbn=9781859947210&amp;tsid=36\">Cydymaith Stori Duw<\/a><\/strong><\/em> gan Huw John Hughes, sef cyfres o 92 gwers i fynd \u00e2 ni trwy\u2019r maes dros y 2 flynedd.<\/p>\n\n\t\t<style type=\"text\/css\">\n\t\t\t#gallery-1 {\n\t\t\t\tmargin: auto;\n\t\t\t}\n\t\t\t#gallery-1 .gallery-item {\n\t\t\t\tfloat: left;\n\t\t\t\tmargin-top: 10px;\n\t\t\t\ttext-align: center;\n\t\t\t\twidth: 25%;\n\t\t\t}\n\t\t\t#gallery-1 img {\n\t\t\t\tborder: 2px solid #cfcfcf;\n\t\t\t}\n\t\t\t#gallery-1 .gallery-caption {\n\t\t\t\tmargin-left: 0;\n\t\t\t}\n\t\t\t\/* see gallery_shortcode() in wp-includes\/media.php *\/\n\t\t<\/style>\n\t\t<div id='gallery-1' class='gallery galleryid-239 gallery-columns-4 gallery-size-thumbnail'><dl class='gallery-item'>\n\t\t\t<dt class='gallery-icon portrait'>\n\t\t\t\t<a href='https:\/\/ysgolsul.com\/wp-content\/uploads\/2012\/03\/gwerslyfrstoriduwiblant6-11.jpg' title=\"\" data-rl_title=\"\" class=\"rl-gallery-link\" data-rl_caption=\"\" data-rel=\"lightbox-gallery-1\"><img loading=\"lazy\" decoding=\"async\" width=\"150\" height=\"150\" src=\"https:\/\/ysgolsul.com\/wp-content\/uploads\/2012\/03\/gwerslyfrstoriduwiblant6-11-150x150.jpg\" class=\"attachment-thumbnail size-thumbnail\" alt=\"\" \/><\/a>\n\t\t\t<\/dt><\/dl><dl class='gallery-item'>\n\t\t\t<dt class='gallery-icon portrait'>\n\t\t\t\t<a href='https:\/\/ysgolsul.com\/wp-content\/uploads\/2012\/03\/cydymaithstoriduw.jpg' title=\"\" data-rl_title=\"\" class=\"rl-gallery-link\" data-rl_caption=\"\" data-rel=\"lightbox-gallery-1\"><img loading=\"lazy\" decoding=\"async\" width=\"150\" height=\"150\" src=\"https:\/\/ysgolsul.com\/wp-content\/uploads\/2012\/03\/cydymaithstoriduw-150x150.jpg\" class=\"attachment-thumbnail size-thumbnail\" alt=\"\" \/><\/a>\n\t\t\t<\/dt><\/dl><dl class='gallery-item'>\n\t\t\t<dt class='gallery-icon portrait'>\n\t\t\t\t<a href='https:\/\/ysgolsul.com\/wp-content\/uploads\/2012\/03\/oedfaonteuluolstoriduw.jpg' title=\"\" data-rl_title=\"\" class=\"rl-gallery-link\" data-rl_caption=\"\" data-rel=\"lightbox-gallery-1\"><img loading=\"lazy\" decoding=\"async\" width=\"150\" height=\"150\" src=\"https:\/\/ysgolsul.com\/wp-content\/uploads\/2012\/03\/oedfaonteuluolstoriduw-150x150.jpg\" class=\"attachment-thumbnail size-thumbnail\" alt=\"\" \/><\/a>\n\t\t\t<\/dt><\/dl><dl class='gallery-item'>\n\t\t\t<dt class='gallery-icon portrait'>\n\t\t\t\t<a href='https:\/\/ysgolsul.com\/wp-content\/uploads\/2012\/03\/llyfrcrefftaustoriduwiblantbach.jpg' title=\"\" data-rl_title=\"\" class=\"rl-gallery-link\" data-rl_caption=\"\" data-rel=\"lightbox-gallery-1\"><img loading=\"lazy\" decoding=\"async\" width=\"150\" height=\"150\" src=\"https:\/\/ysgolsul.com\/wp-content\/uploads\/2012\/03\/llyfrcrefftaustoriduwiblantbach-150x150.jpg\" class=\"attachment-thumbnail size-thumbnail\" alt=\"\" \/><\/a>\n\t\t\t<\/dt><\/dl><br style=\"clear: both\" \/><dl class='gallery-item'>\n\t\t\t<dt class='gallery-icon portrait'>\n\t\t\t\t<a href='https:\/\/ysgolsul.com\/wp-content\/uploads\/2012\/03\/llyfrlliwiostoriduw.jpg' title=\"\" data-rl_title=\"\" class=\"rl-gallery-link\" data-rl_caption=\"\" data-rel=\"lightbox-gallery-1\"><img loading=\"lazy\" decoding=\"async\" width=\"150\" height=\"150\" src=\"https:\/\/ysgolsul.com\/wp-content\/uploads\/2012\/03\/llyfrlliwiostoriduw-150x150.jpg\" class=\"attachment-thumbnail size-thumbnail\" alt=\"\" \/><\/a>\n\t\t\t<\/dt><\/dl><dl class='gallery-item'>\n\t\t\t<dt class='gallery-icon portrait'>\n\t\t\t\t<a href='https:\/\/ysgolsul.com\/wp-content\/uploads\/2012\/03\/gwerslyfrstoriduwiblaniieuenctid.jpg' title=\"\" data-rl_title=\"\" class=\"rl-gallery-link\" data-rl_caption=\"\" data-rel=\"lightbox-gallery-1\"><img loading=\"lazy\" decoding=\"async\" width=\"150\" height=\"150\" src=\"https:\/\/ysgolsul.com\/wp-content\/uploads\/2012\/03\/gwerslyfrstoriduwiblaniieuenctid-150x150.jpg\" class=\"attachment-thumbnail size-thumbnail\" alt=\"\" \/><\/a>\n\t\t\t<\/dt><\/dl><dl class='gallery-item'>\n\t\t\t<dt class='gallery-icon portrait'>\n\t\t\t\t<a href='https:\/\/ysgolsul.com\/wp-content\/uploads\/2012\/03\/llyfrcrefftaustoriduwiblant.jpg' title=\"\" data-rl_title=\"\" class=\"rl-gallery-link\" data-rl_caption=\"\" data-rel=\"lightbox-gallery-1\"><img loading=\"lazy\" decoding=\"async\" width=\"150\" height=\"150\" src=\"https:\/\/ysgolsul.com\/wp-content\/uploads\/2012\/03\/llyfrcrefftaustoriduwiblant-150x150.jpg\" class=\"attachment-thumbnail size-thumbnail\" alt=\"\" \/><\/a>\n\t\t\t<\/dt><\/dl><dl class='gallery-item'>\n\t\t\t<dt class='gallery-icon portrait'>\n\t\t\t\t<a href='https:\/\/ysgolsul.com\/wp-content\/uploads\/2012\/03\/gwerslyfrstoriduwiblantdan5.jpg' title=\"\" data-rl_title=\"\" class=\"rl-gallery-link\" data-rl_caption=\"\" data-rel=\"lightbox-gallery-1\"><img loading=\"lazy\" decoding=\"async\" width=\"150\" height=\"150\" src=\"https:\/\/ysgolsul.com\/wp-content\/uploads\/2012\/03\/gwerslyfrstoriduwiblantdan5-150x150.jpg\" class=\"attachment-thumbnail size-thumbnail\" alt=\"\" \/><\/a>\n\t\t\t<\/dt><\/dl><br style=\"clear: both\" \/>\n\t\t<\/div>\n\n<p>Credwn fel panel bod hwn yn gyfle gwych i gyflwyno Stori Fawr Duw i blant, ieuenctid ac oedolion o bob oed, gan bwysleisio cynllun achubol Duw ar gyfer ei fyd. Ar gyfer y plant oed cynradd cyhoeddwyd llyfryn hefyd, sef <em><strong><a href=\"http:\/\/www.gwales.com\/bibliographic\/?isbn=9781859947227&amp;tsid=38\">Stori Fawr Duw<\/a><\/strong><\/em>, sy\u2019n gomic 32 tudalen, yn adrodd yn effeithiol iawn y stori fawr mewn ffordd gwbl gryno a syml &#8211; rhagflas perffaith ar gyfer cychwyn y gyfres. Mae\u2019r adnoddau hyn i gyd ar gael o\u2019ch siop Gymraeg leol neu\u2019n uniongyrchol gan Cyngor Ysgolion Sul.<\/p>\n<p>Cofiwch ein bod hefyd ar gael i\u2019ch cynghori ar adnoddau ac ar unrhyw agwedd o waith yr Ysgol Sul &#8211; cofiwch gysylltu.<br \/>\nPob bendith gyda\u2019r gwaith,<\/p>\n<p>Aled Davies<br \/>\nCyfarwyddwr<br \/>\nRhagfyr 2011<\/p>\n<p><a href=\"http:\/\/www.ysgolsul.com\/wp-content\/uploads\/2012\/03\/ffurflenarchebustoriduw.pdf\">Ffurflen Archebu Cynllun Gwerslyfrau Stori Duw<\/a>\u00a0(PDF)<\/p>\n<p><strong>Manylion pellach ar gael drwy gysylltu \u00e2 Cyngor Ysgolion Sul:<\/strong><br \/>\nAled Davies, Cyngor Ysgolion Sul, Ael y Bryn, Chwilog, Pwllheli, Gwynedd LL53 6SH<br \/>\nFf\u00f4n: \u202d07894 580192\u202c neu aled@ysgolsul.com<\/p>\n","protected":false},"excerpt":{"rendered":"<p>Cyfres Stori Duw Mae gan Cyngor Ysgolion Sul Cymru banel cydenwadol sy\u2019n cyfarfod yn rheolaidd i weithio ar ddeunydd gwerslyfrau ar gyfer Ysgolion Sul Cymru, gan ddwyn ynghyd arbenigwyr ym maes addysg Gristnogol. Dros y flwyddyn ddiwethaf mae\u2019r Panel hwn wedi bod wrthi yn cynllunio cyfres newydd sbon o werslyfrau, sef Cyfres Stori Duw, a [&hellip;]<\/p>\n","protected":false},"author":1,"featured_media":0,"parent":0,"menu_order":0,"comment_status":"closed","ping_status":"open","template":"","meta":{"footnotes":""},"class_list":["post-239","page","type-page","status-publish","hentry"],"yoast_head":"<!-- This site is optimized with the Yoast SEO plugin v26.5 - https:\/\/yoast.com\/wordpress\/plugins\/seo\/ -->\n<title>Cyfres Stori Duw - Cyngor Ysgolion Sul ac Addysg Gristnogol Cymru<\/title>\n<meta name=\"robots\" content=\"index, follow, max-snippet:-1, max-image-preview:large, max-video-preview:-1\" \/>\n<link rel=\"canonical\" href=\"https:\/\/ysgolsul.com\/?page_id=239\" \/>\n<meta property=\"og:locale\" content=\"en_US\" \/>\n<meta property=\"og:type\" content=\"article\" \/>\n<meta property=\"og:title\" content=\"Cyfres Stori Duw - Cyngor Ysgolion Sul ac Addysg Gristnogol Cymru\" \/>\n<meta property=\"og:description\" content=\"Cyfres Stori Duw Mae gan Cyngor Ysgolion Sul Cymru banel cydenwadol sy\u2019n cyfarfod yn rheolaidd i weithio ar ddeunydd gwerslyfrau ar gyfer Ysgolion Sul Cymru, gan ddwyn ynghyd arbenigwyr ym maes addysg Gristnogol. Dros y flwyddyn ddiwethaf mae\u2019r Panel hwn wedi bod wrthi yn cynllunio cyfres newydd sbon o werslyfrau, sef Cyfres Stori Duw, a [&hellip;]\" \/>\n<meta property=\"og:url\" content=\"https:\/\/ysgolsul.com\/?page_id=239\" \/>\n<meta property=\"og:site_name\" content=\"Cyngor Ysgolion Sul ac Addysg Gristnogol Cymru\" \/>\n<meta property=\"article:publisher\" content=\"https:\/\/www.facebook.com\/ysgolsul\" \/>\n<meta property=\"article:modified_time\" content=\"2025-03-12T10:26:03+00:00\" \/>\n<meta property=\"og:image\" content=\"https:\/\/ysgolsul.com\/wp-content\/uploads\/2012\/03\/llyfrcrefftaustoriduwiblantbach-150x150.jpg\" \/>\n<meta name=\"twitter:card\" content=\"summary_large_image\" \/>\n<meta name=\"twitter:site\" content=\"@ysgolsul\" \/>\n<meta name=\"twitter:label1\" content=\"Est. reading time\" \/>\n\t<meta name=\"twitter:data1\" content=\"4 minutes\" \/>\n<script type=\"application\/ld+json\" class=\"yoast-schema-graph\">{\"@context\":\"https:\/\/schema.org\",\"@graph\":[{\"@type\":\"WebPage\",\"@id\":\"https:\/\/ysgolsul.com\/?page_id=239\",\"url\":\"https:\/\/ysgolsul.com\/?page_id=239\",\"name\":\"Cyfres Stori Duw - Cyngor Ysgolion Sul ac Addysg Gristnogol Cymru\",\"isPartOf\":{\"@id\":\"https:\/\/ysgolsul.com\/#website\"},\"primaryImageOfPage\":{\"@id\":\"https:\/\/ysgolsul.com\/?page_id=239#primaryimage\"},\"image\":{\"@id\":\"https:\/\/ysgolsul.com\/?page_id=239#primaryimage\"},\"thumbnailUrl\":\"http:\/\/www.ysgolsul.com\/wp-content\/uploads\/2011\/09\/gwerslyfrstoriduwiblantdan5-212x300.jpg\",\"datePublished\":\"2012-03-21T09:59:00+00:00\",\"dateModified\":\"2025-03-12T10:26:03+00:00\",\"breadcrumb\":{\"@id\":\"https:\/\/ysgolsul.com\/?page_id=239#breadcrumb\"},\"inLanguage\":\"en-US\",\"potentialAction\":[{\"@type\":\"ReadAction\",\"target\":[\"https:\/\/ysgolsul.com\/?page_id=239\"]}]},{\"@type\":\"ImageObject\",\"inLanguage\":\"en-US\",\"@id\":\"https:\/\/ysgolsul.com\/?page_id=239#primaryimage\",\"url\":\"http:\/\/www.ysgolsul.com\/wp-content\/uploads\/2011\/09\/gwerslyfrstoriduwiblantdan5-212x300.jpg\",\"contentUrl\":\"http:\/\/www.ysgolsul.com\/wp-content\/uploads\/2011\/09\/gwerslyfrstoriduwiblantdan5-212x300.jpg\"},{\"@type\":\"BreadcrumbList\",\"@id\":\"https:\/\/ysgolsul.com\/?page_id=239#breadcrumb\",\"itemListElement\":[{\"@type\":\"ListItem\",\"position\":1,\"name\":\"Home\",\"item\":\"https:\/\/ysgolsul.com\/\"},{\"@type\":\"ListItem\",\"position\":2,\"name\":\"Cyfres Stori Duw\"}]},{\"@type\":\"WebSite\",\"@id\":\"https:\/\/ysgolsul.com\/#website\",\"url\":\"https:\/\/ysgolsul.com\/\",\"name\":\"Cyngor Ysgolion Sul ac Addysg Gristnogol Cymru\",\"description\":\"Cyhoeddiadau&#039;r Gair - Cyhoeddwyr Cristnogol Cymraeg\",\"publisher\":{\"@id\":\"https:\/\/ysgolsul.com\/#organization\"},\"potentialAction\":[{\"@type\":\"SearchAction\",\"target\":{\"@type\":\"EntryPoint\",\"urlTemplate\":\"https:\/\/ysgolsul.com\/?s={search_term_string}\"},\"query-input\":{\"@type\":\"PropertyValueSpecification\",\"valueRequired\":true,\"valueName\":\"search_term_string\"}}],\"inLanguage\":\"en-US\"},{\"@type\":\"Organization\",\"@id\":\"https:\/\/ysgolsul.com\/#organization\",\"name\":\"Cyngor Ysgolion Sul\",\"url\":\"https:\/\/ysgolsul.com\/\",\"logo\":{\"@type\":\"ImageObject\",\"inLanguage\":\"en-US\",\"@id\":\"https:\/\/ysgolsul.com\/#\/schema\/logo\/image\/\",\"url\":\"https:\/\/www.ysgolsul.com\/wp-content\/uploads\/2020\/03\/logo-CYS-sgwar.jpg\",\"contentUrl\":\"https:\/\/www.ysgolsul.com\/wp-content\/uploads\/2020\/03\/logo-CYS-sgwar.jpg\",\"width\":1080,\"height\":1080,\"caption\":\"Cyngor Ysgolion Sul\"},\"image\":{\"@id\":\"https:\/\/ysgolsul.com\/#\/schema\/logo\/image\/\"},\"sameAs\":[\"https:\/\/www.facebook.com\/ysgolsul\",\"https:\/\/x.com\/ysgolsul\",\"https:\/\/www.youtube.com\/user\/ysgolsul\"]}]}<\/script>\n<!-- \/ Yoast SEO plugin. -->","yoast_head_json":{"title":"Cyfres Stori Duw - Cyngor Ysgolion Sul ac Addysg Gristnogol Cymru","robots":{"index":"index","follow":"follow","max-snippet":"max-snippet:-1","max-image-preview":"max-image-preview:large","max-video-preview":"max-video-preview:-1"},"canonical":"https:\/\/ysgolsul.com\/?page_id=239","og_locale":"en_US","og_type":"article","og_title":"Cyfres Stori Duw - Cyngor Ysgolion Sul ac Addysg Gristnogol Cymru","og_description":"Cyfres Stori Duw Mae gan Cyngor Ysgolion Sul Cymru banel cydenwadol sy\u2019n cyfarfod yn rheolaidd i weithio ar ddeunydd gwerslyfrau ar gyfer Ysgolion Sul Cymru, gan ddwyn ynghyd arbenigwyr ym maes addysg Gristnogol. Dros y flwyddyn ddiwethaf mae\u2019r Panel hwn wedi bod wrthi yn cynllunio cyfres newydd sbon o werslyfrau, sef Cyfres Stori Duw, a [&hellip;]","og_url":"https:\/\/ysgolsul.com\/?page_id=239","og_site_name":"Cyngor Ysgolion Sul ac Addysg Gristnogol Cymru","article_publisher":"https:\/\/www.facebook.com\/ysgolsul","article_modified_time":"2025-03-12T10:26:03+00:00","og_image":[{"url":"https:\/\/ysgolsul.com\/wp-content\/uploads\/2012\/03\/llyfrcrefftaustoriduwiblantbach-150x150.jpg","type":"","width":"","height":""}],"twitter_card":"summary_large_image","twitter_site":"@ysgolsul","twitter_misc":{"Est. reading time":"4 minutes"},"schema":{"@context":"https:\/\/schema.org","@graph":[{"@type":"WebPage","@id":"https:\/\/ysgolsul.com\/?page_id=239","url":"https:\/\/ysgolsul.com\/?page_id=239","name":"Cyfres Stori Duw - Cyngor Ysgolion Sul ac Addysg Gristnogol Cymru","isPartOf":{"@id":"https:\/\/ysgolsul.com\/#website"},"primaryImageOfPage":{"@id":"https:\/\/ysgolsul.com\/?page_id=239#primaryimage"},"image":{"@id":"https:\/\/ysgolsul.com\/?page_id=239#primaryimage"},"thumbnailUrl":"http:\/\/www.ysgolsul.com\/wp-content\/uploads\/2011\/09\/gwerslyfrstoriduwiblantdan5-212x300.jpg","datePublished":"2012-03-21T09:59:00+00:00","dateModified":"2025-03-12T10:26:03+00:00","breadcrumb":{"@id":"https:\/\/ysgolsul.com\/?page_id=239#breadcrumb"},"inLanguage":"en-US","potentialAction":[{"@type":"ReadAction","target":["https:\/\/ysgolsul.com\/?page_id=239"]}]},{"@type":"ImageObject","inLanguage":"en-US","@id":"https:\/\/ysgolsul.com\/?page_id=239#primaryimage","url":"http:\/\/www.ysgolsul.com\/wp-content\/uploads\/2011\/09\/gwerslyfrstoriduwiblantdan5-212x300.jpg","contentUrl":"http:\/\/www.ysgolsul.com\/wp-content\/uploads\/2011\/09\/gwerslyfrstoriduwiblantdan5-212x300.jpg"},{"@type":"BreadcrumbList","@id":"https:\/\/ysgolsul.com\/?page_id=239#breadcrumb","itemListElement":[{"@type":"ListItem","position":1,"name":"Home","item":"https:\/\/ysgolsul.com\/"},{"@type":"ListItem","position":2,"name":"Cyfres Stori Duw"}]},{"@type":"WebSite","@id":"https:\/\/ysgolsul.com\/#website","url":"https:\/\/ysgolsul.com\/","name":"Cyngor Ysgolion Sul ac Addysg Gristnogol Cymru","description":"Cyhoeddiadau&#039;r Gair - Cyhoeddwyr Cristnogol Cymraeg","publisher":{"@id":"https:\/\/ysgolsul.com\/#organization"},"potentialAction":[{"@type":"SearchAction","target":{"@type":"EntryPoint","urlTemplate":"https:\/\/ysgolsul.com\/?s={search_term_string}"},"query-input":{"@type":"PropertyValueSpecification","valueRequired":true,"valueName":"search_term_string"}}],"inLanguage":"en-US"},{"@type":"Organization","@id":"https:\/\/ysgolsul.com\/#organization","name":"Cyngor Ysgolion Sul","url":"https:\/\/ysgolsul.com\/","logo":{"@type":"ImageObject","inLanguage":"en-US","@id":"https:\/\/ysgolsul.com\/#\/schema\/logo\/image\/","url":"https:\/\/www.ysgolsul.com\/wp-content\/uploads\/2020\/03\/logo-CYS-sgwar.jpg","contentUrl":"https:\/\/www.ysgolsul.com\/wp-content\/uploads\/2020\/03\/logo-CYS-sgwar.jpg","width":1080,"height":1080,"caption":"Cyngor Ysgolion Sul"},"image":{"@id":"https:\/\/ysgolsul.com\/#\/schema\/logo\/image\/"},"sameAs":["https:\/\/www.facebook.com\/ysgolsul","https:\/\/x.com\/ysgolsul","https:\/\/www.youtube.com\/user\/ysgolsul"]}]}},"_links":{"self":[{"href":"https:\/\/ysgolsul.com\/index.php?rest_route=\/wp\/v2\/pages\/239","targetHints":{"allow":["GET"]}}],"collection":[{"href":"https:\/\/ysgolsul.com\/index.php?rest_route=\/wp\/v2\/pages"}],"about":[{"href":"https:\/\/ysgolsul.com\/index.php?rest_route=\/wp\/v2\/types\/page"}],"author":[{"embeddable":true,"href":"https:\/\/ysgolsul.com\/index.php?rest_route=\/wp\/v2\/users\/1"}],"replies":[{"embeddable":true,"href":"https:\/\/ysgolsul.com\/index.php?rest_route=%2Fwp%2Fv2%2Fcomments&post=239"}],"version-history":[{"count":21,"href":"https:\/\/ysgolsul.com\/index.php?rest_route=\/wp\/v2\/pages\/239\/revisions"}],"predecessor-version":[{"id":10451,"href":"https:\/\/ysgolsul.com\/index.php?rest_route=\/wp\/v2\/pages\/239\/revisions\/10451"}],"wp:attachment":[{"href":"https:\/\/ysgolsul.com\/index.php?rest_route=%2Fwp%2Fv2%2Fmedia&parent=239"}],"curies":[{"name":"wp","href":"https:\/\/api.w.org\/{rel}","templated":true}]}}