{"id":1144,"date":"2015-06-04T14:09:07","date_gmt":"2015-06-04T14:09:07","guid":{"rendered":"http:\/\/www.ysgolsul.com\/?page_id=1144"},"modified":"2018-09-19T09:40:53","modified_gmt":"2018-09-19T09:40:53","slug":"cyfres-stori-duw-e-lyfrau","status":"publish","type":"page","link":"https:\/\/ysgolsul.com\/?page_id=1144","title":{"rendered":"Cyfres Stori Duw (e-lyfrau)"},"content":{"rendered":"<p><iframe loading=\"lazy\" src=\"http:\/\/www.youtube.com\/embed\/4eAKotBW_DQ\" width=\"300\" height=\"182\" frameborder=\"0\" align=\"right\"><\/iframe><strong>Cyfres Stori Duw<\/strong><\/p>\n<p>Mae nifer o e-werslyfrau (PDF i&#8217;w lawrlwytho) ac e-lyfrau atodol yn rhan o\u2019r gyfres, gan gynnwys:<\/p>\n<p><em>Ar gyfer dan 5:<\/em><br \/>\nGwerslyfr Stori Duw i blant dan 5\u00a0\u2013 gwerslyfr sy\u2019n cynnwys 50 o wersi, yn cynnwys stori, amser chwarae, amser dysgu, rhigwm a gweddi, ynghyd \u00e2 llun a gweithgaredd. I gyd-fynd \u00e2\u2019r gwerslyfr, mae yna lyfr crefft sy\u2019n cynnwys tua 200 o syniadau crefft yn nhrefn y Beibl, sef\u00a0Llyfr Crefft Stori Duw i blant bach.<\/p>\n<p><strong>Gwerslyfr Stori Duw i blant dan 5<\/strong><br \/>\n\t<form id=\"edd_purchase_3436\" class=\"edd_download_purchase_form edd_purchase_3436\" method=\"post\">\n\n\t\t\n\t\t<div class=\"edd_purchase_submit_wrapper\">\n\t\t\t<button class=\"edd-add-to-cart button red edd-submit\" data-nonce=\"dd9bfd6f62\" data-timestamp=\"1776407542\" data-token=\"19c931dde500962729d0f4aeb6492de01ff1f58a06bb14f64190fd3f35f09937\" data-action=\"edd_add_to_cart\" data-download-id=\"3436\" data-variable-price=\"no\" data-price-mode=single data-price=\"9.99\" ><span class=\"edd-add-to-cart-label\">&pound;9.99&nbsp;&ndash;&nbsp;Ychwanegu i'r fasged (Llyfr Digidol - PDF)<\/span> <span class=\"edd-loading\" aria-label=\"Loading\"><\/span><\/button><input type=\"submit\" class=\"edd-add-to-cart edd-no-js button red edd-submit\" name=\"edd_purchase_download\" value=\"&pound;9.99&nbsp;&ndash;&nbsp;Ychwanegu i&#039;r fasged (Llyfr Digidol - PDF)\" data-action=\"edd_add_to_cart\" data-download-id=\"3436\" data-variable-price=\"no\" data-price-mode=single \/><a href=\"https:\/\/ysgolsul.com\/?page_id=2539\" class=\"edd_go_to_checkout button red edd-submit\" style=\"display:none;\">Checkout<\/a>\n\t\t\t\t\t\t\t<span class=\"edd-cart-ajax-alert\" aria-live=\"assertive\">\n\t\t\t\t\t<span class=\"edd-cart-added-alert\" style=\"display: none;\">\n\t\t\t\t\t\t<svg class=\"edd-icon edd-icon-check\" xmlns=\"http:\/\/www.w3.org\/2000\/svg\" width=\"28\" height=\"28\" viewBox=\"0 0 28 28\" aria-hidden=\"true\">\n\t\t\t\t\t\t\t<path d=\"M26.11 8.844c0 .39-.157.78-.44 1.062L12.234 23.344c-.28.28-.672.438-1.062.438s-.78-.156-1.06-.438l-7.782-7.78c-.28-.282-.438-.673-.438-1.063s.156-.78.438-1.06l2.125-2.126c.28-.28.672-.438 1.062-.438s.78.156 1.062.438l4.594 4.61L21.42 5.656c.282-.28.673-.438 1.063-.438s.78.155 1.062.437l2.125 2.125c.28.28.438.672.438 1.062z\"\/>\n\t\t\t\t\t\t<\/svg>\n\t\t\t\t\t\tAdded to cart\t\t\t\t\t<\/span>\n\t\t\t\t<\/span>\n\t\t\t\t\t\t\t\t\t\t\t\t\t\t\t<\/div><!--end .edd_purchase_submit_wrapper-->\n\n\t\t<input type=\"hidden\" name=\"download_id\" value=\"3436\">\n\t\t\t\t\t\t\t<input type=\"hidden\" name=\"edd_action\" class=\"edd_action_input\" value=\"add_to_cart\">\n\t\t\n\t\t\n\t\t\n\t<\/form><!--end #edd_purchase_3436-->\n\t\n<p><strong>Llyfr Crefft Stori Duw i blant bach<\/strong><br \/>\n\t<form id=\"edd_purchase_3438\" class=\"edd_download_purchase_form edd_purchase_3438\" method=\"post\">\n\n\t\t\n\t\t<div class=\"edd_purchase_submit_wrapper\">\n\t\t\t<button class=\"edd-add-to-cart button red edd-submit\" data-nonce=\"27d3d1f6db\" data-timestamp=\"1776407542\" data-token=\"19c931dde500962729d0f4aeb6492de01ff1f58a06bb14f64190fd3f35f09937\" data-action=\"edd_add_to_cart\" data-download-id=\"3438\" data-variable-price=\"no\" data-price-mode=single data-price=\"12.99\" ><span class=\"edd-add-to-cart-label\">&pound;12.99&nbsp;&ndash;&nbsp;Ychwanegu i'r fasged (Llyfr Digidol - PDF)<\/span> <span class=\"edd-loading\" aria-label=\"Loading\"><\/span><\/button><input type=\"submit\" class=\"edd-add-to-cart edd-no-js button red edd-submit\" name=\"edd_purchase_download\" value=\"&pound;12.99&nbsp;&ndash;&nbsp;Ychwanegu i&#039;r fasged (Llyfr Digidol - PDF)\" data-action=\"edd_add_to_cart\" data-download-id=\"3438\" data-variable-price=\"no\" data-price-mode=single \/><a href=\"https:\/\/ysgolsul.com\/?page_id=2539\" class=\"edd_go_to_checkout button red edd-submit\" style=\"display:none;\">Checkout<\/a>\n\t\t\t\t\t\t\t<span class=\"edd-cart-ajax-alert\" aria-live=\"assertive\">\n\t\t\t\t\t<span class=\"edd-cart-added-alert\" style=\"display: none;\">\n\t\t\t\t\t\t<svg class=\"edd-icon edd-icon-check\" xmlns=\"http:\/\/www.w3.org\/2000\/svg\" width=\"28\" height=\"28\" viewBox=\"0 0 28 28\" aria-hidden=\"true\">\n\t\t\t\t\t\t\t<path d=\"M26.11 8.844c0 .39-.157.78-.44 1.062L12.234 23.344c-.28.28-.672.438-1.062.438s-.78-.156-1.06-.438l-7.782-7.78c-.28-.282-.438-.673-.438-1.063s.156-.78.438-1.06l2.125-2.126c.28-.28.672-.438 1.062-.438s.78.156 1.062.438l4.594 4.61L21.42 5.656c.282-.28.673-.438 1.063-.438s.78.155 1.062.437l2.125 2.125c.28.28.438.672.438 1.062z\"\/>\n\t\t\t\t\t\t<\/svg>\n\t\t\t\t\t\tAdded to cart\t\t\t\t\t<\/span>\n\t\t\t\t<\/span>\n\t\t\t\t\t\t\t\t\t\t\t\t\t\t\t<\/div><!--end .edd_purchase_submit_wrapper-->\n\n\t\t<input type=\"hidden\" name=\"download_id\" value=\"3438\">\n\t\t\t\t\t\t\t<input type=\"hidden\" name=\"edd_action\" class=\"edd_action_input\" value=\"add_to_cart\">\n\t\t\n\t\t\n\t\t\n\t<\/form><!--end #edd_purchase_3438-->\n\t\n<p><em>Ar gyfer dan 11:<\/em><br \/>\nGwerslyfr Stori Duw i blant 6-11 oed\u00a0\u2013 gwerslyfr sy\u2019n cynnwys 50 o stor\u00cfau, yn cynnwys gwers gyflawn, ynghyd \u00e2 llun a gweithgaredd. I gyd-fynd \u00e2\u2019r gwerslyfr, mae yna lyfr crefft sy\u2019n cynnwys tua 200 o syniadau crefft yn nhrefn y Beibl, sef\u00a0Llyfr Crefft Stori Duw i blant.<\/p>\n<p><strong>Gwerslyfr Stori Duw i blant 6-11 oed<\/strong><br \/>\n\t<form id=\"edd_purchase_3440\" class=\"edd_download_purchase_form edd_purchase_3440\" method=\"post\">\n\n\t\t\n\t\t<div class=\"edd_purchase_submit_wrapper\">\n\t\t\t<button class=\"edd-add-to-cart button red edd-submit\" data-nonce=\"9ec6a66a93\" data-timestamp=\"1776407542\" data-token=\"19c931dde500962729d0f4aeb6492de01ff1f58a06bb14f64190fd3f35f09937\" data-action=\"edd_add_to_cart\" data-download-id=\"3440\" data-variable-price=\"no\" data-price-mode=single data-price=\"9.99\" ><span class=\"edd-add-to-cart-label\">&pound;9.99&nbsp;&ndash;&nbsp;Ychwanegu i'r fasged (Llyfr Digidol - PDF)<\/span> <span class=\"edd-loading\" aria-label=\"Loading\"><\/span><\/button><input type=\"submit\" class=\"edd-add-to-cart edd-no-js button red edd-submit\" name=\"edd_purchase_download\" value=\"&pound;9.99&nbsp;&ndash;&nbsp;Ychwanegu i&#039;r fasged (Llyfr Digidol - PDF)\" data-action=\"edd_add_to_cart\" data-download-id=\"3440\" data-variable-price=\"no\" data-price-mode=single \/><a href=\"https:\/\/ysgolsul.com\/?page_id=2539\" class=\"edd_go_to_checkout button red edd-submit\" style=\"display:none;\">Checkout<\/a>\n\t\t\t\t\t\t\t<span class=\"edd-cart-ajax-alert\" aria-live=\"assertive\">\n\t\t\t\t\t<span class=\"edd-cart-added-alert\" style=\"display: none;\">\n\t\t\t\t\t\t<svg class=\"edd-icon edd-icon-check\" xmlns=\"http:\/\/www.w3.org\/2000\/svg\" width=\"28\" height=\"28\" viewBox=\"0 0 28 28\" aria-hidden=\"true\">\n\t\t\t\t\t\t\t<path d=\"M26.11 8.844c0 .39-.157.78-.44 1.062L12.234 23.344c-.28.28-.672.438-1.062.438s-.78-.156-1.06-.438l-7.782-7.78c-.28-.282-.438-.673-.438-1.063s.156-.78.438-1.06l2.125-2.126c.28-.28.672-.438 1.062-.438s.78.156 1.062.438l4.594 4.61L21.42 5.656c.282-.28.673-.438 1.063-.438s.78.155 1.062.437l2.125 2.125c.28.28.438.672.438 1.062z\"\/>\n\t\t\t\t\t\t<\/svg>\n\t\t\t\t\t\tAdded to cart\t\t\t\t\t<\/span>\n\t\t\t\t<\/span>\n\t\t\t\t\t\t\t\t\t\t\t\t\t\t\t<\/div><!--end .edd_purchase_submit_wrapper-->\n\n\t\t<input type=\"hidden\" name=\"download_id\" value=\"3440\">\n\t\t\t\t\t\t\t<input type=\"hidden\" name=\"edd_action\" class=\"edd_action_input\" value=\"add_to_cart\">\n\t\t\n\t\t\n\t\t\n\t<\/form><!--end #edd_purchase_3440-->\n\t\n<p><strong>Llyfr Crefft Stori Duw i blant<\/strong><br \/>\n\t<form id=\"edd_purchase_3442\" class=\"edd_download_purchase_form edd_purchase_3442\" method=\"post\">\n\n\t\t\n\t\t<div class=\"edd_purchase_submit_wrapper\">\n\t\t\t<button class=\"edd-add-to-cart button red edd-submit\" data-nonce=\"35b256e886\" data-timestamp=\"1776407542\" data-token=\"19c931dde500962729d0f4aeb6492de01ff1f58a06bb14f64190fd3f35f09937\" data-action=\"edd_add_to_cart\" data-download-id=\"3442\" data-variable-price=\"no\" data-price-mode=single data-price=\"12.99\" ><span class=\"edd-add-to-cart-label\">&pound;12.99&nbsp;&ndash;&nbsp;Ychwanegu i'r fasged (Llyfr Digidol - PDF)<\/span> <span class=\"edd-loading\" aria-label=\"Loading\"><\/span><\/button><input type=\"submit\" class=\"edd-add-to-cart edd-no-js button red edd-submit\" name=\"edd_purchase_download\" value=\"&pound;12.99&nbsp;&ndash;&nbsp;Ychwanegu i&#039;r fasged (Llyfr Digidol - PDF)\" data-action=\"edd_add_to_cart\" data-download-id=\"3442\" data-variable-price=\"no\" data-price-mode=single \/><a href=\"https:\/\/ysgolsul.com\/?page_id=2539\" class=\"edd_go_to_checkout button red edd-submit\" style=\"display:none;\">Checkout<\/a>\n\t\t\t\t\t\t\t<span class=\"edd-cart-ajax-alert\" aria-live=\"assertive\">\n\t\t\t\t\t<span class=\"edd-cart-added-alert\" style=\"display: none;\">\n\t\t\t\t\t\t<svg class=\"edd-icon edd-icon-check\" xmlns=\"http:\/\/www.w3.org\/2000\/svg\" width=\"28\" height=\"28\" viewBox=\"0 0 28 28\" aria-hidden=\"true\">\n\t\t\t\t\t\t\t<path d=\"M26.11 8.844c0 .39-.157.78-.44 1.062L12.234 23.344c-.28.28-.672.438-1.062.438s-.78-.156-1.06-.438l-7.782-7.78c-.28-.282-.438-.673-.438-1.063s.156-.78.438-1.06l2.125-2.126c.28-.28.672-.438 1.062-.438s.78.156 1.062.438l4.594 4.61L21.42 5.656c.282-.28.673-.438 1.063-.438s.78.155 1.062.437l2.125 2.125c.28.28.438.672.438 1.062z\"\/>\n\t\t\t\t\t\t<\/svg>\n\t\t\t\t\t\tAdded to cart\t\t\t\t\t<\/span>\n\t\t\t\t<\/span>\n\t\t\t\t\t\t\t\t\t\t\t\t\t\t\t<\/div><!--end .edd_purchase_submit_wrapper-->\n\n\t\t<input type=\"hidden\" name=\"download_id\" value=\"3442\">\n\t\t\t\t\t\t\t<input type=\"hidden\" name=\"edd_action\" class=\"edd_action_input\" value=\"add_to_cart\">\n\t\t\n\t\t\n\t\t\n\t<\/form><!--end #edd_purchase_3442-->\n\t\n<p><em>Ar gyfer dan 15:<\/em><br \/>\nGwerslyfr Stori Duw i Ieuenctid\u00a0\u2013 gwerslyfr sy\u2019n cynnwys 50 o sesiynau \/ astudiaethau Beiblaidd ar gyfer pobl ifanc oed uwchradd.<\/p>\n<p><strong>Gwerslyfr Stori Duw i Ieuenctid<\/strong><br \/>\n\t<form id=\"edd_purchase_3444\" class=\"edd_download_purchase_form edd_purchase_3444\" method=\"post\">\n\n\t\t\n\t\t<div class=\"edd_purchase_submit_wrapper\">\n\t\t\t<button class=\"edd-add-to-cart button red edd-submit\" data-nonce=\"6042be26c5\" data-timestamp=\"1776407542\" data-token=\"19c931dde500962729d0f4aeb6492de01ff1f58a06bb14f64190fd3f35f09937\" data-action=\"edd_add_to_cart\" data-download-id=\"3444\" data-variable-price=\"no\" data-price-mode=single data-price=\"9.99\" ><span class=\"edd-add-to-cart-label\">&pound;9.99&nbsp;&ndash;&nbsp;Ychwanegu i'r fasged (Llyfr Digidol - PDF)<\/span> <span class=\"edd-loading\" aria-label=\"Loading\"><\/span><\/button><input type=\"submit\" class=\"edd-add-to-cart edd-no-js button red edd-submit\" name=\"edd_purchase_download\" value=\"&pound;9.99&nbsp;&ndash;&nbsp;Ychwanegu i&#039;r fasged (Llyfr Digidol - PDF)\" data-action=\"edd_add_to_cart\" data-download-id=\"3444\" data-variable-price=\"no\" data-price-mode=single \/><a href=\"https:\/\/ysgolsul.com\/?page_id=2539\" class=\"edd_go_to_checkout button red edd-submit\" style=\"display:none;\">Checkout<\/a>\n\t\t\t\t\t\t\t<span class=\"edd-cart-ajax-alert\" aria-live=\"assertive\">\n\t\t\t\t\t<span class=\"edd-cart-added-alert\" style=\"display: none;\">\n\t\t\t\t\t\t<svg class=\"edd-icon edd-icon-check\" xmlns=\"http:\/\/www.w3.org\/2000\/svg\" width=\"28\" height=\"28\" viewBox=\"0 0 28 28\" aria-hidden=\"true\">\n\t\t\t\t\t\t\t<path d=\"M26.11 8.844c0 .39-.157.78-.44 1.062L12.234 23.344c-.28.28-.672.438-1.062.438s-.78-.156-1.06-.438l-7.782-7.78c-.28-.282-.438-.673-.438-1.063s.156-.78.438-1.06l2.125-2.126c.28-.28.672-.438 1.062-.438s.78.156 1.062.438l4.594 4.61L21.42 5.656c.282-.28.673-.438 1.063-.438s.78.155 1.062.437l2.125 2.125c.28.28.438.672.438 1.062z\"\/>\n\t\t\t\t\t\t<\/svg>\n\t\t\t\t\t\tAdded to cart\t\t\t\t\t<\/span>\n\t\t\t\t<\/span>\n\t\t\t\t\t\t\t\t\t\t\t\t\t\t\t<\/div><!--end .edd_purchase_submit_wrapper-->\n\n\t\t<input type=\"hidden\" name=\"download_id\" value=\"3444\">\n\t\t\t\t\t\t\t<input type=\"hidden\" name=\"edd_action\" class=\"edd_action_input\" value=\"add_to_cart\">\n\t\t\n\t\t\n\t\t\n\t<\/form><!--end #edd_purchase_3444-->\n\t\n<p><em>Adnoddau pellach yn y gyfres:<\/em><br \/>\nHefyd ar gael mae Llyfr Lliwio Stori Duw ac Oedfaon Teulu Stori Duw <\/p>\n<p><strong>Llyfr Lliwio Stori Duw<\/strong><br \/>\n\t<form id=\"edd_purchase_3446\" class=\"edd_download_purchase_form edd_purchase_3446\" method=\"post\">\n\n\t\t\n\t\t<div class=\"edd_purchase_submit_wrapper\">\n\t\t\t<button class=\"edd-add-to-cart button red edd-submit\" data-nonce=\"43f5c0801c\" data-timestamp=\"1776407542\" data-token=\"19c931dde500962729d0f4aeb6492de01ff1f58a06bb14f64190fd3f35f09937\" data-action=\"edd_add_to_cart\" data-download-id=\"3446\" data-variable-price=\"no\" data-price-mode=single data-price=\"9.99\" ><span class=\"edd-add-to-cart-label\">&pound;9.99&nbsp;&ndash;&nbsp;Ychwanegu i'r fasged (Llyfr Digidol - PDF)<\/span> <span class=\"edd-loading\" aria-label=\"Loading\"><\/span><\/button><input type=\"submit\" class=\"edd-add-to-cart edd-no-js button red edd-submit\" name=\"edd_purchase_download\" value=\"&pound;9.99&nbsp;&ndash;&nbsp;Ychwanegu i&#039;r fasged (Llyfr Digidol - PDF)\" data-action=\"edd_add_to_cart\" data-download-id=\"3446\" data-variable-price=\"no\" data-price-mode=single \/><a href=\"https:\/\/ysgolsul.com\/?page_id=2539\" class=\"edd_go_to_checkout button red edd-submit\" style=\"display:none;\">Checkout<\/a>\n\t\t\t\t\t\t\t<span class=\"edd-cart-ajax-alert\" aria-live=\"assertive\">\n\t\t\t\t\t<span class=\"edd-cart-added-alert\" style=\"display: none;\">\n\t\t\t\t\t\t<svg class=\"edd-icon edd-icon-check\" xmlns=\"http:\/\/www.w3.org\/2000\/svg\" width=\"28\" height=\"28\" viewBox=\"0 0 28 28\" aria-hidden=\"true\">\n\t\t\t\t\t\t\t<path d=\"M26.11 8.844c0 .39-.157.78-.44 1.062L12.234 23.344c-.28.28-.672.438-1.062.438s-.78-.156-1.06-.438l-7.782-7.78c-.28-.282-.438-.673-.438-1.063s.156-.78.438-1.06l2.125-2.126c.28-.28.672-.438 1.062-.438s.78.156 1.062.438l4.594 4.61L21.42 5.656c.282-.28.673-.438 1.063-.438s.78.155 1.062.437l2.125 2.125c.28.28.438.672.438 1.062z\"\/>\n\t\t\t\t\t\t<\/svg>\n\t\t\t\t\t\tAdded to cart\t\t\t\t\t<\/span>\n\t\t\t\t<\/span>\n\t\t\t\t\t\t\t\t\t\t\t\t\t\t\t<\/div><!--end .edd_purchase_submit_wrapper-->\n\n\t\t<input type=\"hidden\" name=\"download_id\" value=\"3446\">\n\t\t\t\t\t\t\t<input type=\"hidden\" name=\"edd_action\" class=\"edd_action_input\" value=\"add_to_cart\">\n\t\t\n\t\t\n\t\t\n\t<\/form><!--end #edd_purchase_3446-->\n\t\n<p><strong>Oedfaon Teulu Stori Duw<\/strong><br \/>\n\t<form id=\"edd_purchase_3448\" class=\"edd_download_purchase_form edd_purchase_3448\" method=\"post\">\n\n\t\t\n\t\t<div class=\"edd_purchase_submit_wrapper\">\n\t\t\t<button class=\"edd-add-to-cart button red edd-submit\" data-nonce=\"ba8e3c5a5a\" data-timestamp=\"1776407542\" data-token=\"19c931dde500962729d0f4aeb6492de01ff1f58a06bb14f64190fd3f35f09937\" data-action=\"edd_add_to_cart\" data-download-id=\"3448\" data-variable-price=\"no\" data-price-mode=single data-price=\"6.99\" ><span class=\"edd-add-to-cart-label\">&pound;6.99&nbsp;&ndash;&nbsp;Ychwanegu i'r fasged (Llyfr Digidol - PDF)<\/span> <span class=\"edd-loading\" aria-label=\"Loading\"><\/span><\/button><input type=\"submit\" class=\"edd-add-to-cart edd-no-js button red edd-submit\" name=\"edd_purchase_download\" value=\"&pound;6.99&nbsp;&ndash;&nbsp;Ychwanegu i&#039;r fasged (Llyfr Digidol - PDF)\" data-action=\"edd_add_to_cart\" data-download-id=\"3448\" data-variable-price=\"no\" data-price-mode=single \/><a href=\"https:\/\/ysgolsul.com\/?page_id=2539\" class=\"edd_go_to_checkout button red edd-submit\" style=\"display:none;\">Checkout<\/a>\n\t\t\t\t\t\t\t<span class=\"edd-cart-ajax-alert\" aria-live=\"assertive\">\n\t\t\t\t\t<span class=\"edd-cart-added-alert\" style=\"display: none;\">\n\t\t\t\t\t\t<svg class=\"edd-icon edd-icon-check\" xmlns=\"http:\/\/www.w3.org\/2000\/svg\" width=\"28\" height=\"28\" viewBox=\"0 0 28 28\" aria-hidden=\"true\">\n\t\t\t\t\t\t\t<path d=\"M26.11 8.844c0 .39-.157.78-.44 1.062L12.234 23.344c-.28.28-.672.438-1.062.438s-.78-.156-1.06-.438l-7.782-7.78c-.28-.282-.438-.673-.438-1.063s.156-.78.438-1.06l2.125-2.126c.28-.28.672-.438 1.062-.438s.78.156 1.062.438l4.594 4.61L21.42 5.656c.282-.28.673-.438 1.063-.438s.78.155 1.062.437l2.125 2.125c.28.28.438.672.438 1.062z\"\/>\n\t\t\t\t\t\t<\/svg>\n\t\t\t\t\t\tAdded to cart\t\t\t\t\t<\/span>\n\t\t\t\t<\/span>\n\t\t\t\t\t\t\t\t\t\t\t\t\t\t\t<\/div><!--end .edd_purchase_submit_wrapper-->\n\n\t\t<input type=\"hidden\" name=\"download_id\" value=\"3448\">\n\t\t\t\t\t\t\t<input type=\"hidden\" name=\"edd_action\" class=\"edd_action_input\" value=\"add_to_cart\">\n\t\t\n\t\t\n\t\t\n\t<\/form><!--end #edd_purchase_3448-->\n\t\n","protected":false},"excerpt":{"rendered":"<p>Cyfres Stori Duw Mae nifer o e-werslyfrau (PDF i&#8217;w lawrlwytho) ac e-lyfrau atodol yn rhan o\u2019r gyfres, gan gynnwys: Ar gyfer dan 5: Gwerslyfr Stori Duw i blant dan 5\u00a0\u2013 gwerslyfr sy\u2019n cynnwys 50 o wersi, yn cynnwys stori, amser chwarae, amser dysgu, rhigwm a gweddi, ynghyd \u00e2 llun a gweithgaredd. I gyd-fynd \u00e2\u2019r gwerslyfr, [&hellip;]<\/p>\n","protected":false},"author":1,"featured_media":0,"parent":0,"menu_order":0,"comment_status":"closed","ping_status":"open","template":"","meta":{"footnotes":""},"class_list":["post-1144","page","type-page","status-publish","hentry"],"yoast_head":"<!-- This site is optimized with the Yoast SEO plugin v26.5 - https:\/\/yoast.com\/wordpress\/plugins\/seo\/ -->\n<title>Cyfres Stori Duw (e-lyfrau) - Cyngor Ysgolion Sul ac Addysg Gristnogol Cymru<\/title>\n<meta name=\"robots\" content=\"index, follow, max-snippet:-1, max-image-preview:large, max-video-preview:-1\" \/>\n<link rel=\"canonical\" href=\"https:\/\/ysgolsul.com\/?page_id=1144\" \/>\n<meta property=\"og:locale\" content=\"en_US\" \/>\n<meta property=\"og:type\" content=\"article\" \/>\n<meta property=\"og:title\" content=\"Cyfres Stori Duw (e-lyfrau) - Cyngor Ysgolion Sul ac Addysg Gristnogol Cymru\" \/>\n<meta property=\"og:description\" content=\"Cyfres Stori Duw Mae nifer o e-werslyfrau (PDF i&#8217;w lawrlwytho) ac e-lyfrau atodol yn rhan o\u2019r gyfres, gan gynnwys: Ar gyfer dan 5: Gwerslyfr Stori Duw i blant dan 5\u00a0\u2013 gwerslyfr sy\u2019n cynnwys 50 o wersi, yn cynnwys stori, amser chwarae, amser dysgu, rhigwm a gweddi, ynghyd \u00e2 llun a gweithgaredd. I gyd-fynd \u00e2\u2019r gwerslyfr, [&hellip;]\" \/>\n<meta property=\"og:url\" content=\"https:\/\/ysgolsul.com\/?page_id=1144\" \/>\n<meta property=\"og:site_name\" content=\"Cyngor Ysgolion Sul ac Addysg Gristnogol Cymru\" \/>\n<meta property=\"article:publisher\" content=\"https:\/\/www.facebook.com\/ysgolsul\" \/>\n<meta property=\"article:modified_time\" content=\"2018-09-19T09:40:53+00:00\" \/>\n<meta name=\"twitter:card\" content=\"summary_large_image\" \/>\n<meta name=\"twitter:site\" content=\"@ysgolsul\" \/>\n<meta name=\"twitter:label1\" content=\"Est. reading time\" \/>\n\t<meta name=\"twitter:data1\" content=\"2 minutes\" \/>\n<script type=\"application\/ld+json\" class=\"yoast-schema-graph\">{\"@context\":\"https:\/\/schema.org\",\"@graph\":[{\"@type\":\"WebPage\",\"@id\":\"https:\/\/ysgolsul.com\/?page_id=1144\",\"url\":\"https:\/\/ysgolsul.com\/?page_id=1144\",\"name\":\"Cyfres Stori Duw (e-lyfrau) - Cyngor Ysgolion Sul ac Addysg Gristnogol Cymru\",\"isPartOf\":{\"@id\":\"https:\/\/ysgolsul.com\/#website\"},\"datePublished\":\"2015-06-04T14:09:07+00:00\",\"dateModified\":\"2018-09-19T09:40:53+00:00\",\"breadcrumb\":{\"@id\":\"https:\/\/ysgolsul.com\/?page_id=1144#breadcrumb\"},\"inLanguage\":\"en-US\",\"potentialAction\":[{\"@type\":\"ReadAction\",\"target\":[\"https:\/\/ysgolsul.com\/?page_id=1144\"]}]},{\"@type\":\"BreadcrumbList\",\"@id\":\"https:\/\/ysgolsul.com\/?page_id=1144#breadcrumb\",\"itemListElement\":[{\"@type\":\"ListItem\",\"position\":1,\"name\":\"Home\",\"item\":\"https:\/\/ysgolsul.com\/\"},{\"@type\":\"ListItem\",\"position\":2,\"name\":\"Cyfres Stori Duw (e-lyfrau)\"}]},{\"@type\":\"WebSite\",\"@id\":\"https:\/\/ysgolsul.com\/#website\",\"url\":\"https:\/\/ysgolsul.com\/\",\"name\":\"Cyngor Ysgolion Sul ac Addysg Gristnogol Cymru\",\"description\":\"Cyhoeddiadau&#039;r Gair - Cyhoeddwyr Cristnogol Cymraeg\",\"publisher\":{\"@id\":\"https:\/\/ysgolsul.com\/#organization\"},\"potentialAction\":[{\"@type\":\"SearchAction\",\"target\":{\"@type\":\"EntryPoint\",\"urlTemplate\":\"https:\/\/ysgolsul.com\/?s={search_term_string}\"},\"query-input\":{\"@type\":\"PropertyValueSpecification\",\"valueRequired\":true,\"valueName\":\"search_term_string\"}}],\"inLanguage\":\"en-US\"},{\"@type\":\"Organization\",\"@id\":\"https:\/\/ysgolsul.com\/#organization\",\"name\":\"Cyngor Ysgolion Sul\",\"url\":\"https:\/\/ysgolsul.com\/\",\"logo\":{\"@type\":\"ImageObject\",\"inLanguage\":\"en-US\",\"@id\":\"https:\/\/ysgolsul.com\/#\/schema\/logo\/image\/\",\"url\":\"https:\/\/www.ysgolsul.com\/wp-content\/uploads\/2020\/03\/logo-CYS-sgwar.jpg\",\"contentUrl\":\"https:\/\/www.ysgolsul.com\/wp-content\/uploads\/2020\/03\/logo-CYS-sgwar.jpg\",\"width\":1080,\"height\":1080,\"caption\":\"Cyngor Ysgolion Sul\"},\"image\":{\"@id\":\"https:\/\/ysgolsul.com\/#\/schema\/logo\/image\/\"},\"sameAs\":[\"https:\/\/www.facebook.com\/ysgolsul\",\"https:\/\/x.com\/ysgolsul\",\"https:\/\/www.youtube.com\/user\/ysgolsul\"]}]}<\/script>\n<!-- \/ Yoast SEO plugin. -->","yoast_head_json":{"title":"Cyfres Stori Duw (e-lyfrau) - Cyngor Ysgolion Sul ac Addysg Gristnogol Cymru","robots":{"index":"index","follow":"follow","max-snippet":"max-snippet:-1","max-image-preview":"max-image-preview:large","max-video-preview":"max-video-preview:-1"},"canonical":"https:\/\/ysgolsul.com\/?page_id=1144","og_locale":"en_US","og_type":"article","og_title":"Cyfres Stori Duw (e-lyfrau) - Cyngor Ysgolion Sul ac Addysg Gristnogol Cymru","og_description":"Cyfres Stori Duw Mae nifer o e-werslyfrau (PDF i&#8217;w lawrlwytho) ac e-lyfrau atodol yn rhan o\u2019r gyfres, gan gynnwys: Ar gyfer dan 5: Gwerslyfr Stori Duw i blant dan 5\u00a0\u2013 gwerslyfr sy\u2019n cynnwys 50 o wersi, yn cynnwys stori, amser chwarae, amser dysgu, rhigwm a gweddi, ynghyd \u00e2 llun a gweithgaredd. I gyd-fynd \u00e2\u2019r gwerslyfr, [&hellip;]","og_url":"https:\/\/ysgolsul.com\/?page_id=1144","og_site_name":"Cyngor Ysgolion Sul ac Addysg Gristnogol Cymru","article_publisher":"https:\/\/www.facebook.com\/ysgolsul","article_modified_time":"2018-09-19T09:40:53+00:00","twitter_card":"summary_large_image","twitter_site":"@ysgolsul","twitter_misc":{"Est. reading time":"2 minutes"},"schema":{"@context":"https:\/\/schema.org","@graph":[{"@type":"WebPage","@id":"https:\/\/ysgolsul.com\/?page_id=1144","url":"https:\/\/ysgolsul.com\/?page_id=1144","name":"Cyfres Stori Duw (e-lyfrau) - Cyngor Ysgolion Sul ac Addysg Gristnogol Cymru","isPartOf":{"@id":"https:\/\/ysgolsul.com\/#website"},"datePublished":"2015-06-04T14:09:07+00:00","dateModified":"2018-09-19T09:40:53+00:00","breadcrumb":{"@id":"https:\/\/ysgolsul.com\/?page_id=1144#breadcrumb"},"inLanguage":"en-US","potentialAction":[{"@type":"ReadAction","target":["https:\/\/ysgolsul.com\/?page_id=1144"]}]},{"@type":"BreadcrumbList","@id":"https:\/\/ysgolsul.com\/?page_id=1144#breadcrumb","itemListElement":[{"@type":"ListItem","position":1,"name":"Home","item":"https:\/\/ysgolsul.com\/"},{"@type":"ListItem","position":2,"name":"Cyfres Stori Duw (e-lyfrau)"}]},{"@type":"WebSite","@id":"https:\/\/ysgolsul.com\/#website","url":"https:\/\/ysgolsul.com\/","name":"Cyngor Ysgolion Sul ac Addysg Gristnogol Cymru","description":"Cyhoeddiadau&#039;r Gair - Cyhoeddwyr Cristnogol Cymraeg","publisher":{"@id":"https:\/\/ysgolsul.com\/#organization"},"potentialAction":[{"@type":"SearchAction","target":{"@type":"EntryPoint","urlTemplate":"https:\/\/ysgolsul.com\/?s={search_term_string}"},"query-input":{"@type":"PropertyValueSpecification","valueRequired":true,"valueName":"search_term_string"}}],"inLanguage":"en-US"},{"@type":"Organization","@id":"https:\/\/ysgolsul.com\/#organization","name":"Cyngor Ysgolion Sul","url":"https:\/\/ysgolsul.com\/","logo":{"@type":"ImageObject","inLanguage":"en-US","@id":"https:\/\/ysgolsul.com\/#\/schema\/logo\/image\/","url":"https:\/\/www.ysgolsul.com\/wp-content\/uploads\/2020\/03\/logo-CYS-sgwar.jpg","contentUrl":"https:\/\/www.ysgolsul.com\/wp-content\/uploads\/2020\/03\/logo-CYS-sgwar.jpg","width":1080,"height":1080,"caption":"Cyngor Ysgolion Sul"},"image":{"@id":"https:\/\/ysgolsul.com\/#\/schema\/logo\/image\/"},"sameAs":["https:\/\/www.facebook.com\/ysgolsul","https:\/\/x.com\/ysgolsul","https:\/\/www.youtube.com\/user\/ysgolsul"]}]}},"_links":{"self":[{"href":"https:\/\/ysgolsul.com\/index.php?rest_route=\/wp\/v2\/pages\/1144","targetHints":{"allow":["GET"]}}],"collection":[{"href":"https:\/\/ysgolsul.com\/index.php?rest_route=\/wp\/v2\/pages"}],"about":[{"href":"https:\/\/ysgolsul.com\/index.php?rest_route=\/wp\/v2\/types\/page"}],"author":[{"embeddable":true,"href":"https:\/\/ysgolsul.com\/index.php?rest_route=\/wp\/v2\/users\/1"}],"replies":[{"embeddable":true,"href":"https:\/\/ysgolsul.com\/index.php?rest_route=%2Fwp%2Fv2%2Fcomments&post=1144"}],"version-history":[{"count":7,"href":"https:\/\/ysgolsul.com\/index.php?rest_route=\/wp\/v2\/pages\/1144\/revisions"}],"predecessor-version":[{"id":3450,"href":"https:\/\/ysgolsul.com\/index.php?rest_route=\/wp\/v2\/pages\/1144\/revisions\/3450"}],"wp:attachment":[{"href":"https:\/\/ysgolsul.com\/index.php?rest_route=%2Fwp%2Fv2%2Fmedia&parent=1144"}],"curies":[{"name":"wp","href":"https:\/\/api.w.org\/{rel}","templated":true}]}}