{"id":1081,"date":"2015-04-28T13:21:02","date_gmt":"2015-04-28T13:21:02","guid":{"rendered":"http:\/\/www.ysgolsul.com\/?page_id=1081"},"modified":"2026-02-26T09:35:58","modified_gmt":"2026-02-26T09:35:58","slug":"llan-llanast","status":"publish","type":"page","link":"https:\/\/ysgolsul.com\/?page_id=1081","title":{"rendered":"Llan Llanast"},"content":{"rendered":"<div class=\"su-box su-box-style-soft\" id=\"\" style=\"border-color:#ca0003;border-radius:5px;\"><div class=\"su-box-title\" style=\"background-color:#fd2836;color:#FFFFFF;border-top-left-radius:3px;border-top-right-radius:3px\">Llan Llanast - Dydd Gweddi'r Byd<\/div><div class=\"su-box-content su-u-clearfix su-u-trim\" style=\"border-bottom-left-radius:3px;border-bottom-right-radius:3px\">\n<div style=\"max-width: 900px; margin: 0 auto; line-height: 1.6;\">\n<p>Mae t\u00eem LLAN LLANAST wedi cydweithio \u00e2 th\u00eem <strong>Dydd Gweddi\u2019r Byd<\/strong> i greu gwasanaeth yn seiliedig ar y deunydd a ysgrifennwyd gan <strong>Ferched Cristnogol Nigeria<\/strong> \u2014 ac mae ar gael yn Gymraeg!<\/p>\n<p>Thema Dydd Gweddi\u2019r Byd yw: <strong>\u201cRhoddaf orffwys i chi, dewch\u2026\u201d<\/strong> &#x1f54a;&#xfe0f;<\/p>\n<p>Yn yr adnodd LLAN LLANAST fe welwch yr adnodau a\u2019r cyfarwyddiadau ar gyfer popeth sydd ei angen arnoch i ddadbacio\u2019r thema mewn fyrdd <strong>meddylgar<\/strong> a <strong>chreadigol<\/strong>.<\/p>\n<p>Mae\u2019r gwasanaeth yn dilyn arddull LLAN LLANAST, gyda detholiad o weithgareddau i ddewis ohonynt. Mae yna syniadau <strong>crefft<\/strong>, syniadau ar gyfer <strong>stori\u2019r Beibl<\/strong>, <strong>gweithgareddau<\/strong> i gyflwyno prif them\u00e2u\u2019r adnod, syniadau ar gyfer <strong>gwedd\u00efau<\/strong>, <strong>pryd o fwyd<\/strong> syml Nigeria, a llawer mwy.<\/p>\n<p>Y peth gwych am yr adnodd yw: does dim rhaid i chi ddefnyddio\u2019r cyfan.<br \/>\nFelly os oes gennych ddosbarth Ysgol Sul bach, gallwch ddewis beth sy\u2019n addas i chi.<\/p>\n<p>Ond os ydych chi\u2019n teimlo\u2019n fwy anturus\u2026 beth am ystyried cynnal sesiwn LLAN LLANAST llawn a gwahodd teuluoedd i ddod draw i brofi cyflwyniad hwyliog a diddorol i Ddydd Gweddi\u2019r Byd?<\/p>\n<p>Cliciwch isod i <strong>lawrlwytho\u2019r gwasanaeth<\/strong> hwn yn rhad ac am ddim &#x2b07;&#xfe0f;<\/p>\n<p><!-- Replace the # with your download URL --><\/p>\n<p><a style=\"text-decoration: underline;\" href=\"https:\/\/ysgolsul.com\/wp-content\/uploads\/2026\/02\/Llan-Llanast-Dydd-Gweddir-Byd-2026.pdf\"><br \/>\nLawrlwytho\u2019r gwasanaeth (AM DDIM)<br \/>\n<\/a><\/p>\n<\/div>\n<\/div><\/div>\n<p>Mae addasiad Cymraeg o ddeunydd Messy Church ar gael yn Gymraeg. Mae dau lyfr yn y gyfres ar gael sef:<\/p>\n<p><a href=\"http:\/\/www.ysgolsul.com\/wp-content\/uploads\/2015\/04\/llan-llanast-1.jpg\" data-rel=\"lightbox-image-0\" data-rl_title=\"\" data-rl_caption=\"\" title=\"\"><img loading=\"lazy\" decoding=\"async\" class=\"alignnone size-medium wp-image-1082\" src=\"http:\/\/www.ysgolsul.com\/wp-content\/uploads\/2015\/04\/llan-llanast-1-210x300.jpg\" alt=\"llan llanast 1\" width=\"210\" height=\"300\" srcset=\"https:\/\/ysgolsul.com\/wp-content\/uploads\/2015\/04\/llan-llanast-1-210x300.jpg 210w, https:\/\/ysgolsul.com\/wp-content\/uploads\/2015\/04\/llan-llanast-1-717x1024.jpg 717w, https:\/\/ysgolsul.com\/wp-content\/uploads\/2015\/04\/llan-llanast-1.jpg 1433w\" sizes=\"auto, (max-width: 210px) 100vw, 210px\" \/><\/a><a href=\"http:\/\/www.ysgolsul.com\/wp-content\/uploads\/2015\/04\/dechrau-messy-church.jpg\" data-rel=\"lightbox-image-1\" data-rl_title=\"\" data-rl_caption=\"\" title=\"\"><img loading=\"lazy\" decoding=\"async\" class=\"alignnone size-medium wp-image-1083\" src=\"http:\/\/www.ysgolsul.com\/wp-content\/uploads\/2015\/04\/dechrau-messy-church-209x300.jpg\" alt=\"dechrau-messy-church\" width=\"209\" height=\"300\" srcset=\"https:\/\/ysgolsul.com\/wp-content\/uploads\/2015\/04\/dechrau-messy-church-209x300.jpg 209w, https:\/\/ysgolsul.com\/wp-content\/uploads\/2015\/04\/dechrau-messy-church.jpg 348w\" sizes=\"auto, (max-width: 209px) 100vw, 209px\" \/><\/a><\/p>\n<a href=\"http:\/\/www.gwales.com\/bibliographic\/?isbn=9781859947852&#038;tsid=3\" class=\"su-button su-button-style-default\" style=\"color:#FFFFFF;background-color:#2d75ef;border-color:#245ec0;border-radius:5px\" target=\"_blank\" rel=\"noopener noreferrer\"><span style=\"color:#FFFFFF;padding:0px 16px;font-size:13px;line-height:26px;border-color:#6c9ff4;border-radius:5px;text-shadow:none\"> Prynu &#8216;Llan Llanast&#8217; ar Gwales <\/span><\/a>\n<a href=\"http:\/\/www.gwales.com\/bibliographic\/?isbn=9781859947869&#038;tsid=3\" class=\"su-button su-button-style-default\" style=\"color:#FFFFFF;background-color:#2d75ef;border-color:#245ec0;border-radius:5px\" target=\"_blank\" rel=\"noopener noreferrer\"><span style=\"color:#FFFFFF;padding:0px 16px;font-size:13px;line-height:26px;border-color:#6c9ff4;border-radius:5px;text-shadow:none\"> Prynu &#8216;Cychwyn eich Llan Llanast&#8217; ar Gwales <\/span><\/a>\n<p>Os am fanylion o holl adnoddau Messy Church <a href=\"http:\/\/www.messychurch.org.uk\/\">cliciwch yma.<\/a><\/p>\n<p><strong>Llan Llanast \u2013 cyfle i gyrraedd teuluoedd<\/strong><\/p>\n<p>Ydych chi wedi clywed am Llan Llanast? Efallai eich bod wedi clywed am Messy Church, sef yr enw Saesneg ar y fenter hon gan eglwysi\/capeli i gyrraedd teuluoedd. Math o eglwys yw Llan Llanast, digwyddiad i\u2019w gynnal yn ystod yr wythnos neu ar y penwythnos sy\u2019n addas ar gyfer plant ac oedolion. Mae eglwysi sydd wedi mynd ati i gynnal Llan Llanast wedi gweld ei fod yn ffordd dda i wneud rhywbeth newydd ar gyfer pobl sydd heb gysylltiad cyson \u00e2 chapel neu bobl nad ydynt erioed wedi mynychu capel.<\/p>\n<p><strong>Beth yn union yw Llan Llanast?<\/strong><\/p>\n<p>Mae Llan Llanast yn eglwys yn ei hawl ei hun. Nid yw\u2019n dilyn fformat traddodiadol capel oherwydd y nod yw darparu rhywbeth sy\u2019n addas ar gyfer teuluoedd sydd heb fynychu eglwys o\u2019r blaen. Ni ddylid ei wneud chwaith er mwyn denu mwy o bobl i\u2019r cwrdd ar ddydd Sul; er y gallai hyn fod yn ganlyniad i Llan Llanast \u2013 nid dyna\u2019r bwriad. Fel arfer, digwyddiad misol neu dymhorol ydyw, ond eto gall hyn amrywio.<\/p>\n<p>Os oes gennych rai o\u2019r amcanion isod, efallai bod Llan Llanast yn rywbeth y dylech ei ystyried:<\/p>\n<p style=\"padding-left: 30px;\">&#8211; rydych eisiau gwneud disgyblion i Iesu Grist;<br \/>\n&#8211; hoffech gynnal \u2018egwlys\u2019 sy\u2019n addas ar gyfer pobl ar bob cam o daith ffydd;<br \/>\n&#8211; hoffech gyrraedd teuluoedd heb gysylltiad \u00e2 chapel neu eglwys;<br \/>\n&#8211; hoffech ddangos pwy yw Iesu i deuluoedd drwy waith crefft, cymdeithasu a dysgu anffurfiol.<\/p>\n<p><strong>Beth sy\u2019n digwydd mewn Llan Llanast?<\/strong><\/p>\n<p>Mae pedair elfen i\u2019r digwydd. Bydd Llan Llanast yn para tua awr a hanner i ddwyawr fel arfer. Rhaid dewis lleoliad addas \u2013 byddai festri neu neuadd gyda digon o ofod yn dda ond rhaid gwneud yn si\u0175r ei fod yn leoliad sy\u2019n addas i blant. Dyma\u2019r elfennau:<\/p>\n<p>1. <strong>Croeso<\/strong> \u2013 mae croesawu pobl yn bwysig iawn ac yn gyfle i esbonio\u2019n glir i\u2019r rhieni beth fydd yn digwydd fel modd i\u2019w gwneud i deimlo\u2019n gartrefol.<\/p>\n<p>2. <strong>Crefft<\/strong> \u2013 dylid ceisio cynllunio sawl bwrdd gyda chyfle i wneud crefft arnynt sy\u2019n gysylltiedig \u00e2 thema neu stori o\u2019r Beibl. Dylid sicrhau fod amrywiaeth o grefft at bob oed. Bydd rhieni a phlant yn gwneud y crefft gyda\u2019i gilydd. Dyma amser pwysig i bobl ddod i adnabod ei gilydd, creu perthynas a dysgu yn anffurfiol yr un pryd.<\/p>\n<p>3. <strong>Dathliad<\/strong> \u2013 dyma gyfnod byr \u2013 10-15 munud ar y mwyaf \u2013 i ganu c\u00e2n, dweud y stori sy\u2019n gysylltiedig \u00e2\u2019r crefft a gwedd\u00efo. Bydd y stori yn dod \u00e2\u2019r elfennau y dysgwyd amdanynt yn y cyfnod o wneud crefft yngh\u0177d. Cyfle i ddathlu Duw, gwaith achubol Iesu ar y groes, ein bywyd fel cymuned Llan Llanast a theulu.<\/p>\n<p>4. <strong>Bwyd<\/strong> \u2013 bydd y math o bryd a ddarperir yn ddibynnol ar yr adnoddau ar gael. Annogir pobl i eistedd o gwmpas byrddau\/blancedi picnic a chymdeithasu wrth fwyta \u2013 darlun o wledd teyrnas Dduw lle mae pawb yn perthyn!<\/p>\n<p>Trwy\u2019r bedair elfen hon, y nod yw rhoi cyfle i bobl adeiladu perthynas ac i\u2019r t\u00eem Llan Llanast ddangos pwy yw Duw mewn gair a gweithred. Mae hefyd yn ffordd o ddathlu Duw ac adlewyrchu ei natur greadigol Ef. Wrth groesawu pobl sydd ar gyrion y capel hefyd, mae lletygarwch yn bwysig iawn a pharodrwydd i fod yn rasol ar gyfer anghenion gwahanol deuluoedd.<\/p>\n<p>Os yw\u2019r syniad yn apelio, mae llawer i feddwl amdano cyn mynd ati. Y peth cyntaf yw ceisio cefnogaeth y capel, gofyn i bobl i fod yn rhan o\u2019r t\u00eem trefnu; y mae\u2019n fath o ddigwyddiad sy\u2019n elwa o gydweithio felly byddai\u2019n werth ystyried trefnu ar y cyd \u00e2 chapeli neu eglwysi eraill sydd hefyd \u00e2 baich dros deuluoedd.<\/p>\n<p>Os hoffech esbonio\u2019r syniad yma i\u2019ch capel, beth am ddefnyddio\u2019r cyflwyniad PowerPoint yma i\u2019ch helpu? Mae nodiadau o dan bob sleid i\u2019ch helpu hefyd. Mae\u2019n bwysig cael cefnogaeth yr eglwys cyn dechrau menter fel Llan Llanast ac er mwyn tynnu t\u00eem am ei gilydd i gydweithio arno. <a href=\"http:\/\/www.ysgolsul.com\/wp-content\/uploads\/2015\/04\/Cyflwyniad_MessyChurch_i_eglwysi.ppt\">Gallwch llawrlwytho\u2019r cyflwyniad yma.<\/a><\/p>\n<p><strong>Posteri Llan Llanast<\/strong><\/p>\n<p>Rydym wedi cynhyrchu tri poster ar ffurf JPG sy&#8217;n addas i&#8217;w gosod fel cefndir i greu poster neu garden gwahoddiad i&#8217;ch Llan Llanast chi. Lawrlwythwch y JPGs a&#8217;u gosod fel cefndir yn Word, Publisher neu raglen debyg.<\/p>\n<p><a href=\"http:\/\/www.ysgolsul.com\/wp-content\/uploads\/2015\/04\/posteri-llan-llanast3.jpg\" data-rel=\"lightbox-image-2\" data-rl_title=\"\" data-rl_caption=\"\" title=\"\"><img loading=\"lazy\" decoding=\"async\" class=\"alignright wp-image-2013 size-full\" src=\"http:\/\/www.ysgolsul.com\/wp-content\/uploads\/2015\/04\/posteri-llan-llanast3.jpg\" alt=\"posteri llan llanast3\" width=\"1240\" height=\"1754\" srcset=\"https:\/\/ysgolsul.com\/wp-content\/uploads\/2015\/04\/posteri-llan-llanast3.jpg 1240w, https:\/\/ysgolsul.com\/wp-content\/uploads\/2015\/04\/posteri-llan-llanast3-212x300.jpg 212w, https:\/\/ysgolsul.com\/wp-content\/uploads\/2015\/04\/posteri-llan-llanast3-768x1086.jpg 768w, https:\/\/ysgolsul.com\/wp-content\/uploads\/2015\/04\/posteri-llan-llanast3-724x1024.jpg 724w\" sizes=\"auto, (max-width: 1240px) 100vw, 1240px\" \/><\/a> <a href=\"http:\/\/www.ysgolsul.com\/wp-content\/uploads\/2015\/04\/posteri-llan-llanast2.jpg\" data-rel=\"lightbox-image-3\" data-rl_title=\"\" data-rl_caption=\"\" title=\"\"><img loading=\"lazy\" decoding=\"async\" class=\"alignright wp-image-2014 size-full\" src=\"http:\/\/www.ysgolsul.com\/wp-content\/uploads\/2015\/04\/posteri-llan-llanast2.jpg\" alt=\"posteri llan llanast2\" width=\"1240\" height=\"1754\" srcset=\"https:\/\/ysgolsul.com\/wp-content\/uploads\/2015\/04\/posteri-llan-llanast2.jpg 1240w, https:\/\/ysgolsul.com\/wp-content\/uploads\/2015\/04\/posteri-llan-llanast2-212x300.jpg 212w, https:\/\/ysgolsul.com\/wp-content\/uploads\/2015\/04\/posteri-llan-llanast2-768x1086.jpg 768w, https:\/\/ysgolsul.com\/wp-content\/uploads\/2015\/04\/posteri-llan-llanast2-724x1024.jpg 724w\" sizes=\"auto, (max-width: 1240px) 100vw, 1240px\" \/><\/a> <a href=\"http:\/\/www.ysgolsul.com\/wp-content\/uploads\/2015\/04\/posteri-llan-llanast.jpg\" data-rel=\"lightbox-image-4\" data-rl_title=\"\" data-rl_caption=\"\" title=\"\"><img loading=\"lazy\" decoding=\"async\" class=\"alignright wp-image-2015 size-full\" src=\"http:\/\/www.ysgolsul.com\/wp-content\/uploads\/2015\/04\/posteri-llan-llanast.jpg\" alt=\"posteri llan llanast\" width=\"1240\" height=\"1754\" srcset=\"https:\/\/ysgolsul.com\/wp-content\/uploads\/2015\/04\/posteri-llan-llanast.jpg 1240w, https:\/\/ysgolsul.com\/wp-content\/uploads\/2015\/04\/posteri-llan-llanast-212x300.jpg 212w, https:\/\/ysgolsul.com\/wp-content\/uploads\/2015\/04\/posteri-llan-llanast-768x1086.jpg 768w, https:\/\/ysgolsul.com\/wp-content\/uploads\/2015\/04\/posteri-llan-llanast-724x1024.jpg 724w\" sizes=\"auto, (max-width: 1240px) 100vw, 1240px\" \/><\/a><\/p>\n","protected":false},"excerpt":{"rendered":"<p>Mae addasiad Cymraeg o ddeunydd Messy Church ar gael yn Gymraeg. Mae dau lyfr yn y gyfres ar gael sef: Os am fanylion o holl adnoddau Messy Church cliciwch yma. Llan Llanast \u2013 cyfle i gyrraedd teuluoedd Ydych chi wedi clywed am Llan Llanast? Efallai eich bod wedi clywed am Messy Church, sef yr enw [&hellip;]<\/p>\n","protected":false},"author":1,"featured_media":0,"parent":0,"menu_order":0,"comment_status":"closed","ping_status":"open","template":"","meta":{"footnotes":""},"class_list":["post-1081","page","type-page","status-publish","hentry"],"yoast_head":"<!-- This site is optimized with the Yoast SEO plugin v26.5 - https:\/\/yoast.com\/wordpress\/plugins\/seo\/ -->\n<title>Llan Llanast - Cyngor Ysgolion Sul ac Addysg Gristnogol Cymru<\/title>\n<meta name=\"robots\" content=\"index, follow, max-snippet:-1, max-image-preview:large, max-video-preview:-1\" \/>\n<link rel=\"canonical\" href=\"https:\/\/ysgolsul.com\/?page_id=1081\" \/>\n<meta property=\"og:locale\" content=\"en_US\" \/>\n<meta property=\"og:type\" content=\"article\" \/>\n<meta property=\"og:title\" content=\"Llan Llanast - Cyngor Ysgolion Sul ac Addysg Gristnogol Cymru\" \/>\n<meta property=\"og:description\" content=\"Mae addasiad Cymraeg o ddeunydd Messy Church ar gael yn Gymraeg. Mae dau lyfr yn y gyfres ar gael sef: Os am fanylion o holl adnoddau Messy Church cliciwch yma. Llan Llanast \u2013 cyfle i gyrraedd teuluoedd Ydych chi wedi clywed am Llan Llanast? Efallai eich bod wedi clywed am Messy Church, sef yr enw [&hellip;]\" \/>\n<meta property=\"og:url\" content=\"https:\/\/ysgolsul.com\/?page_id=1081\" \/>\n<meta property=\"og:site_name\" content=\"Cyngor Ysgolion Sul ac Addysg Gristnogol Cymru\" \/>\n<meta property=\"article:publisher\" content=\"https:\/\/www.facebook.com\/ysgolsul\" \/>\n<meta property=\"article:modified_time\" content=\"2026-02-26T09:35:58+00:00\" \/>\n<meta property=\"og:image\" content=\"https:\/\/ysgolsul.com\/wp-content\/uploads\/2015\/04\/llan-llanast-1.jpg\" \/>\n\t<meta property=\"og:image:width\" content=\"1433\" \/>\n\t<meta property=\"og:image:height\" content=\"2048\" \/>\n\t<meta property=\"og:image:type\" content=\"image\/jpeg\" \/>\n<meta name=\"twitter:card\" content=\"summary_large_image\" \/>\n<meta name=\"twitter:site\" content=\"@ysgolsul\" \/>\n<meta name=\"twitter:label1\" content=\"Est. reading time\" \/>\n\t<meta name=\"twitter:data1\" content=\"6 minutes\" \/>\n<script type=\"application\/ld+json\" class=\"yoast-schema-graph\">{\"@context\":\"https:\/\/schema.org\",\"@graph\":[{\"@type\":\"WebPage\",\"@id\":\"https:\/\/ysgolsul.com\/?page_id=1081\",\"url\":\"https:\/\/ysgolsul.com\/?page_id=1081\",\"name\":\"Llan Llanast - Cyngor Ysgolion Sul ac Addysg Gristnogol Cymru\",\"isPartOf\":{\"@id\":\"https:\/\/ysgolsul.com\/#website\"},\"primaryImageOfPage\":{\"@id\":\"https:\/\/ysgolsul.com\/?page_id=1081#primaryimage\"},\"image\":{\"@id\":\"https:\/\/ysgolsul.com\/?page_id=1081#primaryimage\"},\"thumbnailUrl\":\"http:\/\/www.ysgolsul.com\/wp-content\/uploads\/2015\/04\/llan-llanast-1-210x300.jpg\",\"datePublished\":\"2015-04-28T13:21:02+00:00\",\"dateModified\":\"2026-02-26T09:35:58+00:00\",\"breadcrumb\":{\"@id\":\"https:\/\/ysgolsul.com\/?page_id=1081#breadcrumb\"},\"inLanguage\":\"en-US\",\"potentialAction\":[{\"@type\":\"ReadAction\",\"target\":[\"https:\/\/ysgolsul.com\/?page_id=1081\"]}]},{\"@type\":\"ImageObject\",\"inLanguage\":\"en-US\",\"@id\":\"https:\/\/ysgolsul.com\/?page_id=1081#primaryimage\",\"url\":\"http:\/\/www.ysgolsul.com\/wp-content\/uploads\/2015\/04\/llan-llanast-1-210x300.jpg\",\"contentUrl\":\"http:\/\/www.ysgolsul.com\/wp-content\/uploads\/2015\/04\/llan-llanast-1-210x300.jpg\"},{\"@type\":\"BreadcrumbList\",\"@id\":\"https:\/\/ysgolsul.com\/?page_id=1081#breadcrumb\",\"itemListElement\":[{\"@type\":\"ListItem\",\"position\":1,\"name\":\"Home\",\"item\":\"https:\/\/ysgolsul.com\/\"},{\"@type\":\"ListItem\",\"position\":2,\"name\":\"Llan Llanast\"}]},{\"@type\":\"WebSite\",\"@id\":\"https:\/\/ysgolsul.com\/#website\",\"url\":\"https:\/\/ysgolsul.com\/\",\"name\":\"Cyngor Ysgolion Sul ac Addysg Gristnogol Cymru\",\"description\":\"Cyhoeddiadau&#039;r Gair - Cyhoeddwyr Cristnogol Cymraeg\",\"publisher\":{\"@id\":\"https:\/\/ysgolsul.com\/#organization\"},\"potentialAction\":[{\"@type\":\"SearchAction\",\"target\":{\"@type\":\"EntryPoint\",\"urlTemplate\":\"https:\/\/ysgolsul.com\/?s={search_term_string}\"},\"query-input\":{\"@type\":\"PropertyValueSpecification\",\"valueRequired\":true,\"valueName\":\"search_term_string\"}}],\"inLanguage\":\"en-US\"},{\"@type\":\"Organization\",\"@id\":\"https:\/\/ysgolsul.com\/#organization\",\"name\":\"Cyngor Ysgolion Sul\",\"url\":\"https:\/\/ysgolsul.com\/\",\"logo\":{\"@type\":\"ImageObject\",\"inLanguage\":\"en-US\",\"@id\":\"https:\/\/ysgolsul.com\/#\/schema\/logo\/image\/\",\"url\":\"https:\/\/www.ysgolsul.com\/wp-content\/uploads\/2020\/03\/logo-CYS-sgwar.jpg\",\"contentUrl\":\"https:\/\/www.ysgolsul.com\/wp-content\/uploads\/2020\/03\/logo-CYS-sgwar.jpg\",\"width\":1080,\"height\":1080,\"caption\":\"Cyngor Ysgolion Sul\"},\"image\":{\"@id\":\"https:\/\/ysgolsul.com\/#\/schema\/logo\/image\/\"},\"sameAs\":[\"https:\/\/www.facebook.com\/ysgolsul\",\"https:\/\/x.com\/ysgolsul\",\"https:\/\/www.youtube.com\/user\/ysgolsul\"]}]}<\/script>\n<!-- \/ Yoast SEO plugin. -->","yoast_head_json":{"title":"Llan Llanast - Cyngor Ysgolion Sul ac Addysg Gristnogol Cymru","robots":{"index":"index","follow":"follow","max-snippet":"max-snippet:-1","max-image-preview":"max-image-preview:large","max-video-preview":"max-video-preview:-1"},"canonical":"https:\/\/ysgolsul.com\/?page_id=1081","og_locale":"en_US","og_type":"article","og_title":"Llan Llanast - Cyngor Ysgolion Sul ac Addysg Gristnogol Cymru","og_description":"Mae addasiad Cymraeg o ddeunydd Messy Church ar gael yn Gymraeg. Mae dau lyfr yn y gyfres ar gael sef: Os am fanylion o holl adnoddau Messy Church cliciwch yma. Llan Llanast \u2013 cyfle i gyrraedd teuluoedd Ydych chi wedi clywed am Llan Llanast? Efallai eich bod wedi clywed am Messy Church, sef yr enw [&hellip;]","og_url":"https:\/\/ysgolsul.com\/?page_id=1081","og_site_name":"Cyngor Ysgolion Sul ac Addysg Gristnogol Cymru","article_publisher":"https:\/\/www.facebook.com\/ysgolsul","article_modified_time":"2026-02-26T09:35:58+00:00","og_image":[{"width":1433,"height":2048,"url":"https:\/\/ysgolsul.com\/wp-content\/uploads\/2015\/04\/llan-llanast-1.jpg","type":"image\/jpeg"}],"twitter_card":"summary_large_image","twitter_site":"@ysgolsul","twitter_misc":{"Est. reading time":"6 minutes"},"schema":{"@context":"https:\/\/schema.org","@graph":[{"@type":"WebPage","@id":"https:\/\/ysgolsul.com\/?page_id=1081","url":"https:\/\/ysgolsul.com\/?page_id=1081","name":"Llan Llanast - Cyngor Ysgolion Sul ac Addysg Gristnogol Cymru","isPartOf":{"@id":"https:\/\/ysgolsul.com\/#website"},"primaryImageOfPage":{"@id":"https:\/\/ysgolsul.com\/?page_id=1081#primaryimage"},"image":{"@id":"https:\/\/ysgolsul.com\/?page_id=1081#primaryimage"},"thumbnailUrl":"http:\/\/www.ysgolsul.com\/wp-content\/uploads\/2015\/04\/llan-llanast-1-210x300.jpg","datePublished":"2015-04-28T13:21:02+00:00","dateModified":"2026-02-26T09:35:58+00:00","breadcrumb":{"@id":"https:\/\/ysgolsul.com\/?page_id=1081#breadcrumb"},"inLanguage":"en-US","potentialAction":[{"@type":"ReadAction","target":["https:\/\/ysgolsul.com\/?page_id=1081"]}]},{"@type":"ImageObject","inLanguage":"en-US","@id":"https:\/\/ysgolsul.com\/?page_id=1081#primaryimage","url":"http:\/\/www.ysgolsul.com\/wp-content\/uploads\/2015\/04\/llan-llanast-1-210x300.jpg","contentUrl":"http:\/\/www.ysgolsul.com\/wp-content\/uploads\/2015\/04\/llan-llanast-1-210x300.jpg"},{"@type":"BreadcrumbList","@id":"https:\/\/ysgolsul.com\/?page_id=1081#breadcrumb","itemListElement":[{"@type":"ListItem","position":1,"name":"Home","item":"https:\/\/ysgolsul.com\/"},{"@type":"ListItem","position":2,"name":"Llan Llanast"}]},{"@type":"WebSite","@id":"https:\/\/ysgolsul.com\/#website","url":"https:\/\/ysgolsul.com\/","name":"Cyngor Ysgolion Sul ac Addysg Gristnogol Cymru","description":"Cyhoeddiadau&#039;r Gair - Cyhoeddwyr Cristnogol Cymraeg","publisher":{"@id":"https:\/\/ysgolsul.com\/#organization"},"potentialAction":[{"@type":"SearchAction","target":{"@type":"EntryPoint","urlTemplate":"https:\/\/ysgolsul.com\/?s={search_term_string}"},"query-input":{"@type":"PropertyValueSpecification","valueRequired":true,"valueName":"search_term_string"}}],"inLanguage":"en-US"},{"@type":"Organization","@id":"https:\/\/ysgolsul.com\/#organization","name":"Cyngor Ysgolion Sul","url":"https:\/\/ysgolsul.com\/","logo":{"@type":"ImageObject","inLanguage":"en-US","@id":"https:\/\/ysgolsul.com\/#\/schema\/logo\/image\/","url":"https:\/\/www.ysgolsul.com\/wp-content\/uploads\/2020\/03\/logo-CYS-sgwar.jpg","contentUrl":"https:\/\/www.ysgolsul.com\/wp-content\/uploads\/2020\/03\/logo-CYS-sgwar.jpg","width":1080,"height":1080,"caption":"Cyngor Ysgolion Sul"},"image":{"@id":"https:\/\/ysgolsul.com\/#\/schema\/logo\/image\/"},"sameAs":["https:\/\/www.facebook.com\/ysgolsul","https:\/\/x.com\/ysgolsul","https:\/\/www.youtube.com\/user\/ysgolsul"]}]}},"_links":{"self":[{"href":"https:\/\/ysgolsul.com\/index.php?rest_route=\/wp\/v2\/pages\/1081","targetHints":{"allow":["GET"]}}],"collection":[{"href":"https:\/\/ysgolsul.com\/index.php?rest_route=\/wp\/v2\/pages"}],"about":[{"href":"https:\/\/ysgolsul.com\/index.php?rest_route=\/wp\/v2\/types\/page"}],"author":[{"embeddable":true,"href":"https:\/\/ysgolsul.com\/index.php?rest_route=\/wp\/v2\/users\/1"}],"replies":[{"embeddable":true,"href":"https:\/\/ysgolsul.com\/index.php?rest_route=%2Fwp%2Fv2%2Fcomments&post=1081"}],"version-history":[{"count":11,"href":"https:\/\/ysgolsul.com\/index.php?rest_route=\/wp\/v2\/pages\/1081\/revisions"}],"predecessor-version":[{"id":10921,"href":"https:\/\/ysgolsul.com\/index.php?rest_route=\/wp\/v2\/pages\/1081\/revisions\/10921"}],"wp:attachment":[{"href":"https:\/\/ysgolsul.com\/index.php?rest_route=%2Fwp%2Fv2%2Fmedia&parent=1081"}],"curies":[{"name":"wp","href":"https:\/\/api.w.org\/{rel}","templated":true}]}}